{"id":1073352,"date":"2026-02-13T17:05:53","date_gmt":"2026-02-13T17:05:53","guid":{"rendered":"https:\/\/companhiadocampo.com\/loja\/sem%20categoria\/mesa-jt-invierno-200\/"},"modified":"2026-02-24T11:33:57","modified_gmt":"2026-02-24T11:33:57","slug":"mesa-jt-invierno-200-101054","status":"publish","type":"product","link":"https:\/\/companhiadocampo.com\/en\/shop\/1-moveis\/11-mesas-de-jantar-e-bar\/mesa-jt-invierno-200-101054\/","title":{"rendered":"MESA JT INVIERNO 200"},"content":{"rendered":"<p>MESA DE JANTAR COM CANTOS ARREDONDAOS, EM TECA RECICLADA COM CERTIFICA\u00c7\u00c3O FSD. CADA MESA TEM UM PADR\u00c3O DE VEIOS \u00daNICOS TORNANDO A MESA EXCLUSIVA.<\/p>\n","protected":false},"excerpt":{"rendered":"<p>MESA JT INVIERNO 200<\/p>\n","protected":false},"featured_media":1097609,"template":"","meta":{"_acf_changed":false},"product_brand":[],"product_cat":[408,397],"product_tag":[],"class_list":{"0":"post-1073352","1":"product","2":"type-product","3":"status-publish","4":"has-post-thumbnail","6":"product_cat-11-mesas-de-jantar-e-bar","7":"product_cat-1-moveis","9":"first","10":"instock","11":"taxable","12":"shipping-taxable","13":"purchasable","14":"product-type-variable","15":"has-default-attributes"},"acf":[],"_links":{"self":[{"href":"https:\/\/companhiadocampo.com\/en\/wp-json\/wp\/v2\/product\/1073352","targetHints":{"allow":["GET"]}}],"collection":[{"href":"https:\/\/companhiadocampo.com\/en\/wp-json\/wp\/v2\/product"}],"about":[{"href":"https:\/\/companhiadocampo.com\/en\/wp-json\/wp\/v2\/types\/product"}],"wp:featuredmedia":[{"embeddable":true,"href":"https:\/\/companhiadocampo.com\/en\/wp-json\/wp\/v2\/media\/1097609"}],"wp:attachment":[{"href":"https:\/\/companhiadocampo.com\/en\/wp-json\/wp\/v2\/media?parent=1073352"}],"wp:term":[{"taxonomy":"product_brand","embeddable":true,"href":"https:\/\/companhiadocampo.com\/en\/wp-json\/wp\/v2\/product_brand?post=1073352"},{"taxonomy":"product_cat","embeddable":true,"href":"https:\/\/companhiadocampo.com\/en\/wp-json\/wp\/v2\/product_cat?post=1073352"},{"taxonomy":"product_tag","embeddable":true,"href":"https:\/\/companhiadocampo.com\/en\/wp-json\/wp\/v2\/product_tag?post=1073352"}],"curies":[{"name":"wp","href":"https:\/\/api.w.org\/{rel}","templated":true}]}}