{"id":1073360,"date":"2026-02-13T17:05:54","date_gmt":"2026-02-13T17:05:54","guid":{"rendered":"https:\/\/companhiadocampo.com\/loja\/sem%20categoria\/mesa-jantar-studio-rd-d120\/"},"modified":"2026-02-24T11:04:22","modified_gmt":"2026-02-24T11:04:22","slug":"mesa-jantar-studio-rd-d120-012784","status":"publish","type":"product","link":"https:\/\/companhiadocampo.com\/en\/shop\/1-moveis\/11-mesas-de-jantar-e-bar\/mesa-jantar-studio-rd-d120-012784\/","title":{"rendered":"MESA JANTAR STUDIO RD D120"},"content":{"rendered":"<p>MESA REDONDA FEITA EM MADEIRA DE TECA RECICLADA COM CERTIFICA\u00c7\u00c3O FSC. A MESA TEM UM TRATAMENTO COM VERNIZ \u00c0 BASE DE \u00c1GUA QUE A PROTEGE CONTRA MANCHAS DE \u00c1GUA E OUTROS L\u00cdQUIDOS<\/p>\n","protected":false},"excerpt":{"rendered":"<p>MESA JANTAR STUDIO RD D12<\/p>\n","protected":false},"featured_media":1095508,"template":"","meta":{"_acf_changed":false},"product_brand":[],"product_cat":[408,397],"product_tag":[],"class_list":{"0":"post-1073360","1":"product","2":"type-product","3":"status-publish","4":"has-post-thumbnail","6":"product_cat-11-mesas-de-jantar-e-bar","7":"product_cat-1-moveis","9":"first","10":"instock","11":"taxable","12":"shipping-taxable","13":"purchasable","14":"product-type-variable","15":"has-default-attributes"},"acf":[],"_links":{"self":[{"href":"https:\/\/companhiadocampo.com\/en\/wp-json\/wp\/v2\/product\/1073360","targetHints":{"allow":["GET"]}}],"collection":[{"href":"https:\/\/companhiadocampo.com\/en\/wp-json\/wp\/v2\/product"}],"about":[{"href":"https:\/\/companhiadocampo.com\/en\/wp-json\/wp\/v2\/types\/product"}],"wp:featuredmedia":[{"embeddable":true,"href":"https:\/\/companhiadocampo.com\/en\/wp-json\/wp\/v2\/media\/1095508"}],"wp:attachment":[{"href":"https:\/\/companhiadocampo.com\/en\/wp-json\/wp\/v2\/media?parent=1073360"}],"wp:term":[{"taxonomy":"product_brand","embeddable":true,"href":"https:\/\/companhiadocampo.com\/en\/wp-json\/wp\/v2\/product_brand?post=1073360"},{"taxonomy":"product_cat","embeddable":true,"href":"https:\/\/companhiadocampo.com\/en\/wp-json\/wp\/v2\/product_cat?post=1073360"},{"taxonomy":"product_tag","embeddable":true,"href":"https:\/\/companhiadocampo.com\/en\/wp-json\/wp\/v2\/product_tag?post=1073360"}],"curies":[{"name":"wp","href":"https:\/\/api.w.org\/{rel}","templated":true}]}}