{"id":1073421,"date":"2026-02-13T17:06:05","date_gmt":"2026-02-13T17:06:05","guid":{"rendered":"https:\/\/companhiadocampo.com\/loja\/sem%20categoria\/mesa-jt-cita-extensivel-160-240x90xh76-5\/"},"modified":"2026-02-24T10:33:17","modified_gmt":"2026-02-24T10:33:17","slug":"mesa-jt-cita-extensivel-160-240x90xh76-5-010840","status":"publish","type":"product","link":"https:\/\/companhiadocampo.com\/en\/shop\/1-moveis\/11-mesas-de-jantar-e-bar\/mesa-jt-cita-extensivel-160-240x90xh76-5-010840\/","title":{"rendered":"MESA JT CITA EXTENSIVEL 160-240X90XH76.5"},"content":{"rendered":"<p>MESA DE JANTAR EXTENS\u00cdVEL EM CARVALHO. INCLUI UMA EXTENS\u00c3O DE 80CM DENTRO DA MESA. TAMPO EM ABACAMENTO CARVALHO R\u00daSTICO COM N\u00d3S DA MADEIRA VIS\u00cdVEIS. DISPON\u00cdVEL EM OUTRAS MEDIDAS E ACABAMENTOS SOB CONSULTA  <\/p>\n","protected":false},"excerpt":{"rendered":"<p>MESA JT CITA EXTENSIVEL 1<\/p>\n","protected":false},"featured_media":1093937,"template":"","meta":{"_acf_changed":false},"product_brand":[],"product_cat":[408,397],"product_tag":[],"class_list":{"0":"post-1073421","1":"product","2":"type-product","3":"status-publish","4":"has-post-thumbnail","6":"product_cat-11-mesas-de-jantar-e-bar","7":"product_cat-1-moveis","9":"first","10":"onbackorder","11":"taxable","12":"shipping-taxable","13":"product-type-variable"},"acf":[],"_links":{"self":[{"href":"https:\/\/companhiadocampo.com\/en\/wp-json\/wp\/v2\/product\/1073421","targetHints":{"allow":["GET"]}}],"collection":[{"href":"https:\/\/companhiadocampo.com\/en\/wp-json\/wp\/v2\/product"}],"about":[{"href":"https:\/\/companhiadocampo.com\/en\/wp-json\/wp\/v2\/types\/product"}],"wp:featuredmedia":[{"embeddable":true,"href":"https:\/\/companhiadocampo.com\/en\/wp-json\/wp\/v2\/media\/1093937"}],"wp:attachment":[{"href":"https:\/\/companhiadocampo.com\/en\/wp-json\/wp\/v2\/media?parent=1073421"}],"wp:term":[{"taxonomy":"product_brand","embeddable":true,"href":"https:\/\/companhiadocampo.com\/en\/wp-json\/wp\/v2\/product_brand?post=1073421"},{"taxonomy":"product_cat","embeddable":true,"href":"https:\/\/companhiadocampo.com\/en\/wp-json\/wp\/v2\/product_cat?post=1073421"},{"taxonomy":"product_tag","embeddable":true,"href":"https:\/\/companhiadocampo.com\/en\/wp-json\/wp\/v2\/product_tag?post=1073421"}],"curies":[{"name":"wp","href":"https:\/\/api.w.org\/{rel}","templated":true}]}}