{"id":1073423,"date":"2026-02-13T17:06:06","date_gmt":"2026-02-13T17:06:06","guid":{"rendered":"https:\/\/companhiadocampo.com\/loja\/sem%20categoria\/mesa-cen-farmwood-140x65xh38\/"},"modified":"2026-02-24T11:04:25","modified_gmt":"2026-02-24T11:04:25","slug":"mesa-cen-farmwood-140x65xh38-012782","status":"publish","type":"product","link":"https:\/\/companhiadocampo.com\/en\/shop\/1-moveis\/10-mesas-de-centro-mesas-de-apoio\/mesa-cen-farmwood-140x65xh38-012782\/","title":{"rendered":"MESA CEN FARMWOOD 140X65XH38"},"content":{"rendered":"<p>MESA DE CENTRO DA COLE\u00c7\u00c3O FARM. FEITA EM MADEIRA RECICLADA CERTIFICADA, TEM UM ASPECTO R\u00daSTICO E NATURAL. TODAS AS IMPERFEI\u00c7\u00d5ES PERMANECEM VIS\u00cdVEIS.<\/p>\n","protected":false},"excerpt":{"rendered":"<p>MESA CEN FARMWOOD 140X65X<\/p>\n","protected":false},"featured_media":1095504,"template":"","meta":{"_acf_changed":false},"product_brand":[],"product_cat":[407,397],"product_tag":[],"class_list":{"0":"post-1073423","1":"product","2":"type-product","3":"status-publish","4":"has-post-thumbnail","6":"product_cat-10-mesas-de-centro-mesas-de-apoio","7":"product_cat-1-moveis","9":"first","10":"instock","11":"taxable","12":"shipping-taxable","13":"purchasable","14":"product-type-variable","15":"has-default-attributes"},"acf":[],"_links":{"self":[{"href":"https:\/\/companhiadocampo.com\/en\/wp-json\/wp\/v2\/product\/1073423","targetHints":{"allow":["GET"]}}],"collection":[{"href":"https:\/\/companhiadocampo.com\/en\/wp-json\/wp\/v2\/product"}],"about":[{"href":"https:\/\/companhiadocampo.com\/en\/wp-json\/wp\/v2\/types\/product"}],"wp:featuredmedia":[{"embeddable":true,"href":"https:\/\/companhiadocampo.com\/en\/wp-json\/wp\/v2\/media\/1095504"}],"wp:attachment":[{"href":"https:\/\/companhiadocampo.com\/en\/wp-json\/wp\/v2\/media?parent=1073423"}],"wp:term":[{"taxonomy":"product_brand","embeddable":true,"href":"https:\/\/companhiadocampo.com\/en\/wp-json\/wp\/v2\/product_brand?post=1073423"},{"taxonomy":"product_cat","embeddable":true,"href":"https:\/\/companhiadocampo.com\/en\/wp-json\/wp\/v2\/product_cat?post=1073423"},{"taxonomy":"product_tag","embeddable":true,"href":"https:\/\/companhiadocampo.com\/en\/wp-json\/wp\/v2\/product_tag?post=1073423"}],"curies":[{"name":"wp","href":"https:\/\/api.w.org\/{rel}","templated":true}]}}