{"id":1073427,"date":"2026-02-13T17:06:06","date_gmt":"2026-02-13T17:06:06","guid":{"rendered":"https:\/\/companhiadocampo.com\/loja\/sem%20categoria\/mesa-jt-bullnose-240x90xh75\/"},"modified":"2026-02-24T10:48:00","modified_gmt":"2026-02-24T10:48:00","slug":"mesa-jt-bullnose-240x90xh75-011958","status":"publish","type":"product","link":"https:\/\/companhiadocampo.com\/en\/shop\/1-moveis\/11-mesas-de-jantar-e-bar\/mesa-jt-bullnose-240x90xh75-011958\/","title":{"rendered":"MESA JT BULLNOSE 240X90XH75"},"content":{"rendered":"<p>MESA JANTAR OVAL FEITA EM MADEIRA MACI\u00c7A DE MANGO. P\u00c9S DISPON\u00cdVEIS EM ABERTO OU FECHADO. TAMB\u00c9M DISPONIVEL EM OUTROS TAMANHOS E CORES, SOB CONSULTA<\/p>\n","protected":false},"excerpt":{"rendered":"<p>MESA JT BULLNOSE 240X90XH<\/p>\n","protected":false},"featured_media":1094613,"template":"","meta":{"_acf_changed":false},"product_brand":[],"product_cat":[408,397],"product_tag":[],"class_list":{"0":"post-1073427","1":"product","2":"type-product","3":"status-publish","4":"has-post-thumbnail","6":"product_cat-11-mesas-de-jantar-e-bar","7":"product_cat-1-moveis","9":"first","10":"onbackorder","11":"taxable","12":"shipping-taxable","13":"product-type-variable"},"acf":[],"_links":{"self":[{"href":"https:\/\/companhiadocampo.com\/en\/wp-json\/wp\/v2\/product\/1073427","targetHints":{"allow":["GET"]}}],"collection":[{"href":"https:\/\/companhiadocampo.com\/en\/wp-json\/wp\/v2\/product"}],"about":[{"href":"https:\/\/companhiadocampo.com\/en\/wp-json\/wp\/v2\/types\/product"}],"wp:featuredmedia":[{"embeddable":true,"href":"https:\/\/companhiadocampo.com\/en\/wp-json\/wp\/v2\/media\/1094613"}],"wp:attachment":[{"href":"https:\/\/companhiadocampo.com\/en\/wp-json\/wp\/v2\/media?parent=1073427"}],"wp:term":[{"taxonomy":"product_brand","embeddable":true,"href":"https:\/\/companhiadocampo.com\/en\/wp-json\/wp\/v2\/product_brand?post=1073427"},{"taxonomy":"product_cat","embeddable":true,"href":"https:\/\/companhiadocampo.com\/en\/wp-json\/wp\/v2\/product_cat?post=1073427"},{"taxonomy":"product_tag","embeddable":true,"href":"https:\/\/companhiadocampo.com\/en\/wp-json\/wp\/v2\/product_tag?post=1073427"}],"curies":[{"name":"wp","href":"https:\/\/api.w.org\/{rel}","templated":true}]}}