{"id":1073467,"date":"2026-02-13T17:06:13","date_gmt":"2026-02-13T17:06:13","guid":{"rendered":"https:\/\/companhiadocampo.com\/loja\/sem%20categoria\/painel-lateral-estante-murcia-g-40xh180\/"},"modified":"2026-02-24T11:00:39","modified_gmt":"2026-02-24T11:00:39","slug":"painel-lateral-estante-murcia-g-40xh180-012448","status":"publish","type":"product","link":"https:\/\/companhiadocampo.com\/en\/shop\/1-moveis\/3-armarios-vitrines-e-estantes\/painel-lateral-estante-murcia-g-40xh180-012448\/","title":{"rendered":"PAINEL LATERAL ESTANTE MURCIA G 40XH180"},"content":{"rendered":"<p>PAINEL LATERAL PARA ESTANTE EM MADEIRA POR M\u00d3DULOS. DISPON\u00cdVEL TAMB\u00c9M EM TAMANHO 40XH180<\/p>\n","protected":false},"excerpt":{"rendered":"<p>PAINEL LATERAL ESTANTE G<\/p>\n","protected":false},"featured_media":1095058,"template":"","meta":{"_acf_changed":false},"product_brand":[],"product_cat":[402,397],"product_tag":[],"class_list":{"0":"post-1073467","1":"product","2":"type-product","3":"status-publish","4":"has-post-thumbnail","6":"product_cat-3-armarios-vitrines-e-estantes","7":"product_cat-1-moveis","9":"first","10":"instock","11":"taxable","12":"shipping-taxable","13":"purchasable","14":"product-type-variable","15":"has-default-attributes"},"acf":[],"_links":{"self":[{"href":"https:\/\/companhiadocampo.com\/en\/wp-json\/wp\/v2\/product\/1073467","targetHints":{"allow":["GET"]}}],"collection":[{"href":"https:\/\/companhiadocampo.com\/en\/wp-json\/wp\/v2\/product"}],"about":[{"href":"https:\/\/companhiadocampo.com\/en\/wp-json\/wp\/v2\/types\/product"}],"wp:featuredmedia":[{"embeddable":true,"href":"https:\/\/companhiadocampo.com\/en\/wp-json\/wp\/v2\/media\/1095058"}],"wp:attachment":[{"href":"https:\/\/companhiadocampo.com\/en\/wp-json\/wp\/v2\/media?parent=1073467"}],"wp:term":[{"taxonomy":"product_brand","embeddable":true,"href":"https:\/\/companhiadocampo.com\/en\/wp-json\/wp\/v2\/product_brand?post=1073467"},{"taxonomy":"product_cat","embeddable":true,"href":"https:\/\/companhiadocampo.com\/en\/wp-json\/wp\/v2\/product_cat?post=1073467"},{"taxonomy":"product_tag","embeddable":true,"href":"https:\/\/companhiadocampo.com\/en\/wp-json\/wp\/v2\/product_tag?post=1073467"}],"curies":[{"name":"wp","href":"https:\/\/api.w.org\/{rel}","templated":true}]}}