{"id":1073678,"date":"2026-02-13T17:07:03","date_gmt":"2026-02-13T17:07:03","guid":{"rendered":"https:\/\/companhiadocampo.com\/loja\/sem%20categoria\/suspensao-dixie-d11xh30\/"},"modified":"2026-02-24T11:15:53","modified_gmt":"2026-02-24T11:15:53","slug":"suspensao-dixie-d11xh30-013362","status":"publish","type":"product","link":"https:\/\/companhiadocampo.com\/en\/shop\/22-iluminacao\/25-candeeiros-de-tecto-e-suspensoes\/suspensao-dixie-d11xh30-013362\/","title":{"rendered":"SUSPENSAO DIXIE D11XH30"},"content":{"rendered":"<p>SUSPENS\u00c3O EM CER\u00c2MICA PARA 1 L\u00c2MPADA <\/p>\n","protected":false},"excerpt":{"rendered":"<p>SUSPENSAO DIXIE D11XH30<\/p>\n","protected":false},"featured_media":1096229,"template":"","meta":{"_acf_changed":false},"product_brand":[],"product_cat":[412,398],"product_tag":[],"class_list":{"0":"post-1073678","1":"product","2":"type-product","3":"status-publish","4":"has-post-thumbnail","6":"product_cat-25-candeeiros-de-tecto-e-suspensoes","7":"product_cat-22-iluminacao","9":"first","10":"instock","11":"taxable","12":"shipping-taxable","13":"purchasable","14":"product-type-variable","15":"has-default-attributes"},"acf":[],"_links":{"self":[{"href":"https:\/\/companhiadocampo.com\/en\/wp-json\/wp\/v2\/product\/1073678","targetHints":{"allow":["GET"]}}],"collection":[{"href":"https:\/\/companhiadocampo.com\/en\/wp-json\/wp\/v2\/product"}],"about":[{"href":"https:\/\/companhiadocampo.com\/en\/wp-json\/wp\/v2\/types\/product"}],"wp:featuredmedia":[{"embeddable":true,"href":"https:\/\/companhiadocampo.com\/en\/wp-json\/wp\/v2\/media\/1096229"}],"wp:attachment":[{"href":"https:\/\/companhiadocampo.com\/en\/wp-json\/wp\/v2\/media?parent=1073678"}],"wp:term":[{"taxonomy":"product_brand","embeddable":true,"href":"https:\/\/companhiadocampo.com\/en\/wp-json\/wp\/v2\/product_brand?post=1073678"},{"taxonomy":"product_cat","embeddable":true,"href":"https:\/\/companhiadocampo.com\/en\/wp-json\/wp\/v2\/product_cat?post=1073678"},{"taxonomy":"product_tag","embeddable":true,"href":"https:\/\/companhiadocampo.com\/en\/wp-json\/wp\/v2\/product_tag?post=1073678"}],"curies":[{"name":"wp","href":"https:\/\/api.w.org\/{rel}","templated":true}]}}