{"id":1074144,"date":"2026-02-13T17:08:34","date_gmt":"2026-02-13T17:08:34","guid":{"rendered":"https:\/\/companhiadocampo.com\/loja\/sem%20categoria\/toalha-aida-180x350\/"},"modified":"2026-04-22T03:06:46","modified_gmt":"2026-04-22T02:06:46","slug":"toalha-aida-180x350-013073","status":"publish","type":"product","link":"https:\/\/companhiadocampo.com\/en\/shop\/56-texteis\/60-textil-mesa\/toalha-aida-180x350-013073\/","title":{"rendered":"TOALHA AIDA 180X350"},"content":{"rendered":"<p>TOALHA EM MISTURA DE LINHO E ALGOD\u00c3O. <br \/>Lavar \u00e0 m\u00e1quina a 30\u00b0C, n\u00e3o usar lix\u00edvia, n\u00e3o secar na m\u00e1quina, passar a ferro a temperatura m\u00e9dia.<\/p>\n","protected":false},"excerpt":{"rendered":"<p>TOALHA AIDA 180X350<\/p>\n","protected":false},"featured_media":1095857,"template":"","meta":{"_acf_changed":false},"product_brand":[],"product_cat":[400,428],"product_tag":[],"class_list":{"0":"post-1074144","1":"product","2":"type-product","3":"status-publish","4":"has-post-thumbnail","6":"product_cat-56-texteis","7":"product_cat-60-textil-mesa","9":"first","10":"outofstock","11":"taxable","12":"shipping-taxable","13":"product-type-variable"},"acf":[],"_links":{"self":[{"href":"https:\/\/companhiadocampo.com\/en\/wp-json\/wp\/v2\/product\/1074144","targetHints":{"allow":["GET"]}}],"collection":[{"href":"https:\/\/companhiadocampo.com\/en\/wp-json\/wp\/v2\/product"}],"about":[{"href":"https:\/\/companhiadocampo.com\/en\/wp-json\/wp\/v2\/types\/product"}],"wp:featuredmedia":[{"embeddable":true,"href":"https:\/\/companhiadocampo.com\/en\/wp-json\/wp\/v2\/media\/1095857"}],"wp:attachment":[{"href":"https:\/\/companhiadocampo.com\/en\/wp-json\/wp\/v2\/media?parent=1074144"}],"wp:term":[{"taxonomy":"product_brand","embeddable":true,"href":"https:\/\/companhiadocampo.com\/en\/wp-json\/wp\/v2\/product_brand?post=1074144"},{"taxonomy":"product_cat","embeddable":true,"href":"https:\/\/companhiadocampo.com\/en\/wp-json\/wp\/v2\/product_cat?post=1074144"},{"taxonomy":"product_tag","embeddable":true,"href":"https:\/\/companhiadocampo.com\/en\/wp-json\/wp\/v2\/product_tag?post=1074144"}],"curies":[{"name":"wp","href":"https:\/\/api.w.org\/{rel}","templated":true}]}}