{"id":1074214,"date":"2026-02-13T17:08:47","date_gmt":"2026-02-13T17:08:47","guid":{"rendered":"https:\/\/companhiadocampo.com\/loja\/sem%20categoria\/taca-rice-multi-d54xh20\/"},"modified":"2026-04-18T02:58:32","modified_gmt":"2026-04-18T01:58:32","slug":"taca-rice-multi-d54xh20-100855","status":"publish","type":"product","link":"https:\/\/companhiadocampo.com\/en\/shop\/29-decorativos\/33-cestos-tabuleiros-caixas\/taca-rice-multi-d54xh20-100855\/","title":{"rendered":"TA\u00c7A RICE MULTI D54XH20"},"content":{"rendered":"<p>TA\u00c7A EM RATAN PINTADO, PE\u00c7AS \u00daNICAS, TAMANHOS PODEM VARIAR<\/p>\n","protected":false},"excerpt":{"rendered":"<p>TA\u00c7A RICE MULTI D54XH20<\/p>\n","protected":false},"featured_media":1097278,"template":"","meta":{"_acf_changed":false},"product_brand":[],"product_cat":[419,399],"product_tag":[],"class_list":{"0":"post-1074214","1":"product","2":"type-product","3":"status-publish","4":"has-post-thumbnail","6":"product_cat-33-cestos-tabuleiros-caixas","7":"product_cat-29-decorativos","9":"first","10":"instock","11":"taxable","12":"shipping-taxable","13":"purchasable","14":"product-type-variable","15":"has-default-attributes"},"acf":[],"_links":{"self":[{"href":"https:\/\/companhiadocampo.com\/en\/wp-json\/wp\/v2\/product\/1074214","targetHints":{"allow":["GET"]}}],"collection":[{"href":"https:\/\/companhiadocampo.com\/en\/wp-json\/wp\/v2\/product"}],"about":[{"href":"https:\/\/companhiadocampo.com\/en\/wp-json\/wp\/v2\/types\/product"}],"wp:featuredmedia":[{"embeddable":true,"href":"https:\/\/companhiadocampo.com\/en\/wp-json\/wp\/v2\/media\/1097278"}],"wp:attachment":[{"href":"https:\/\/companhiadocampo.com\/en\/wp-json\/wp\/v2\/media?parent=1074214"}],"wp:term":[{"taxonomy":"product_brand","embeddable":true,"href":"https:\/\/companhiadocampo.com\/en\/wp-json\/wp\/v2\/product_brand?post=1074214"},{"taxonomy":"product_cat","embeddable":true,"href":"https:\/\/companhiadocampo.com\/en\/wp-json\/wp\/v2\/product_cat?post=1074214"},{"taxonomy":"product_tag","embeddable":true,"href":"https:\/\/companhiadocampo.com\/en\/wp-json\/wp\/v2\/product_tag?post=1074214"}],"curies":[{"name":"wp","href":"https:\/\/api.w.org\/{rel}","templated":true}]}}