{"id":1074224,"date":"2026-02-13T17:08:49","date_gmt":"2026-02-13T17:08:49","guid":{"rendered":"https:\/\/companhiadocampo.com\/loja\/sem%20categoria\/castical-cadiz-p-d11xh11\/"},"modified":"2026-04-29T03:23:18","modified_gmt":"2026-04-29T02:23:18","slug":"castical-cadiz-p-d11xh11-013025","status":"publish","type":"product","link":"https:\/\/companhiadocampo.com\/en\/shop\/29-decorativos\/32-casticais-e-lanternas\/castical-cadiz-p-d11xh11-013025\/","title":{"rendered":"CASTI\u00c7AL CADIZ P D11XH11"},"content":{"rendered":"<p>CASTI\u00c7AL REDONDO EM CER\u00c2MICA <\/p>\n","protected":false},"excerpt":{"rendered":"<p>CASTI\u00c7AL CADIZ P D11XH11<\/p>\n","protected":false},"featured_media":1095777,"template":"","meta":{"_acf_changed":false},"product_brand":[],"product_cat":[418,399],"product_tag":[],"class_list":{"0":"post-1074224","1":"product","2":"type-product","3":"status-publish","4":"has-post-thumbnail","6":"product_cat-32-casticais-e-lanternas","7":"product_cat-29-decorativos","9":"first","10":"outofstock","11":"taxable","12":"shipping-taxable","13":"product-type-variable"},"acf":[],"_links":{"self":[{"href":"https:\/\/companhiadocampo.com\/en\/wp-json\/wp\/v2\/product\/1074224","targetHints":{"allow":["GET"]}}],"collection":[{"href":"https:\/\/companhiadocampo.com\/en\/wp-json\/wp\/v2\/product"}],"about":[{"href":"https:\/\/companhiadocampo.com\/en\/wp-json\/wp\/v2\/types\/product"}],"wp:featuredmedia":[{"embeddable":true,"href":"https:\/\/companhiadocampo.com\/en\/wp-json\/wp\/v2\/media\/1095777"}],"wp:attachment":[{"href":"https:\/\/companhiadocampo.com\/en\/wp-json\/wp\/v2\/media?parent=1074224"}],"wp:term":[{"taxonomy":"product_brand","embeddable":true,"href":"https:\/\/companhiadocampo.com\/en\/wp-json\/wp\/v2\/product_brand?post=1074224"},{"taxonomy":"product_cat","embeddable":true,"href":"https:\/\/companhiadocampo.com\/en\/wp-json\/wp\/v2\/product_cat?post=1074224"},{"taxonomy":"product_tag","embeddable":true,"href":"https:\/\/companhiadocampo.com\/en\/wp-json\/wp\/v2\/product_tag?post=1074224"}],"curies":[{"name":"wp","href":"https:\/\/api.w.org\/{rel}","templated":true}]}}