{"id":1074436,"date":"2026-02-13T17:09:31","date_gmt":"2026-02-13T17:09:31","guid":{"rendered":"https:\/\/companhiadocampo.com\/loja\/sem%20categoria\/colcha-tempo-g-240x260\/"},"modified":"2026-04-29T15:53:36","modified_gmt":"2026-04-29T14:53:36","slug":"colcha-tempo-g-240x260-011679","status":"publish","type":"product","link":"https:\/\/companhiadocampo.com\/en\/shop\/56-texteis\/61-mantas-colchas\/colcha-tempo-g-240x260-011679\/","title":{"rendered":"COLCHA TEMPO G 240X260"},"content":{"rendered":"<p>COLCHA 100% ALGOD\u00c3O; LAVAGEM NA M\u00c1QUINA AT\u00c9 40\u00baC; SECAGEM A BAIXA TEMPERATURA; PROIBIDA LIMPEZA A SECO<\/p>\n","protected":false},"excerpt":{"rendered":"<p>COLCHA TEMPO G 240X260<\/p>\n","protected":false},"featured_media":1094376,"template":"","meta":{"_acf_changed":false},"product_brand":[],"product_cat":[429,400],"product_tag":[],"class_list":{"0":"post-1074436","1":"product","2":"type-product","3":"status-publish","4":"has-post-thumbnail","6":"product_cat-61-mantas-colchas","7":"product_cat-56-texteis","9":"first","10":"instock","11":"taxable","12":"shipping-taxable","13":"purchasable","14":"product-type-variable","15":"has-default-attributes"},"acf":[],"_links":{"self":[{"href":"https:\/\/companhiadocampo.com\/en\/wp-json\/wp\/v2\/product\/1074436","targetHints":{"allow":["GET"]}}],"collection":[{"href":"https:\/\/companhiadocampo.com\/en\/wp-json\/wp\/v2\/product"}],"about":[{"href":"https:\/\/companhiadocampo.com\/en\/wp-json\/wp\/v2\/types\/product"}],"wp:featuredmedia":[{"embeddable":true,"href":"https:\/\/companhiadocampo.com\/en\/wp-json\/wp\/v2\/media\/1094376"}],"wp:attachment":[{"href":"https:\/\/companhiadocampo.com\/en\/wp-json\/wp\/v2\/media?parent=1074436"}],"wp:term":[{"taxonomy":"product_brand","embeddable":true,"href":"https:\/\/companhiadocampo.com\/en\/wp-json\/wp\/v2\/product_brand?post=1074436"},{"taxonomy":"product_cat","embeddable":true,"href":"https:\/\/companhiadocampo.com\/en\/wp-json\/wp\/v2\/product_cat?post=1074436"},{"taxonomy":"product_tag","embeddable":true,"href":"https:\/\/companhiadocampo.com\/en\/wp-json\/wp\/v2\/product_tag?post=1074436"}],"curies":[{"name":"wp","href":"https:\/\/api.w.org\/{rel}","templated":true}]}}