{"id":1074668,"date":"2026-02-13T17:10:14","date_gmt":"2026-02-13T17:10:14","guid":{"rendered":"https:\/\/companhiadocampo.com\/loja\/sem%20categoria\/castical-almeria-biscoito-d10xh35\/"},"modified":"2026-04-30T03:24:24","modified_gmt":"2026-04-30T02:24:24","slug":"castical-almeria-biscoito-d10xh35-011856","status":"publish","type":"product","link":"https:\/\/companhiadocampo.com\/en\/shop\/29-decorativos\/32-casticais-e-lanternas\/castical-almeria-biscoito-d10xh35-011856\/","title":{"rendered":"CASTI\u00c7AL ALMERIA BISCOITO D10XH35"},"content":{"rendered":"<p>CASTI\u00c7AL EM PAPIER MACHE COM ACABAMENTO EM P\u00d3 DE GIZ<\/p>\n","protected":false},"excerpt":{"rendered":"<p>CASTI\u00c7AL ALMERIA BISCOITO<\/p>\n","protected":false},"featured_media":1094541,"template":"","meta":{"_acf_changed":false},"product_brand":[],"product_cat":[418,399],"product_tag":[],"class_list":{"0":"post-1074668","1":"product","2":"type-product","3":"status-publish","4":"has-post-thumbnail","6":"product_cat-32-casticais-e-lanternas","7":"product_cat-29-decorativos","9":"first","10":"outofstock","11":"taxable","12":"shipping-taxable","13":"product-type-variable"},"acf":[],"_links":{"self":[{"href":"https:\/\/companhiadocampo.com\/en\/wp-json\/wp\/v2\/product\/1074668","targetHints":{"allow":["GET"]}}],"collection":[{"href":"https:\/\/companhiadocampo.com\/en\/wp-json\/wp\/v2\/product"}],"about":[{"href":"https:\/\/companhiadocampo.com\/en\/wp-json\/wp\/v2\/types\/product"}],"wp:featuredmedia":[{"embeddable":true,"href":"https:\/\/companhiadocampo.com\/en\/wp-json\/wp\/v2\/media\/1094541"}],"wp:attachment":[{"href":"https:\/\/companhiadocampo.com\/en\/wp-json\/wp\/v2\/media?parent=1074668"}],"wp:term":[{"taxonomy":"product_brand","embeddable":true,"href":"https:\/\/companhiadocampo.com\/en\/wp-json\/wp\/v2\/product_brand?post=1074668"},{"taxonomy":"product_cat","embeddable":true,"href":"https:\/\/companhiadocampo.com\/en\/wp-json\/wp\/v2\/product_cat?post=1074668"},{"taxonomy":"product_tag","embeddable":true,"href":"https:\/\/companhiadocampo.com\/en\/wp-json\/wp\/v2\/product_tag?post=1074668"}],"curies":[{"name":"wp","href":"https:\/\/api.w.org\/{rel}","templated":true}]}}