{"id":1074855,"date":"2026-02-13T17:10:51","date_gmt":"2026-02-13T17:10:51","guid":{"rendered":"https:\/\/companhiadocampo.com\/loja\/sem%20categoria\/cadeirao-darline-84x60xh80\/"},"modified":"2026-02-24T10:58:50","modified_gmt":"2026-02-24T10:58:50","slug":"cadeirao-darline-84x60xh80-012294","status":"publish","type":"product","link":"https:\/\/companhiadocampo.com\/en\/shop\/1-moveis\/4-sofas-cadeiroes-cadeiras-e-bancos\/cadeirao-darline-84x60xh80-012294\/","title":{"rendered":"CADEIRAO DARLINE 84X60XH80"},"content":{"rendered":"<p>CADEIR\u00c3O DE BRA\u00c7OS COM ASSENTO E COSTAS EM TECIDO DE LINHO E BRA\u00c7OS EM MADEIRA DE AC\u00c1CIA<\/p>\n","protected":false},"excerpt":{"rendered":"<p>CADEIRAO DARLINE 84X60XH8<\/p>\n","protected":false},"featured_media":1094884,"template":"","meta":{"_acf_changed":false},"product_brand":[],"product_cat":[397,403],"product_tag":[],"class_list":{"0":"post-1074855","1":"product","2":"type-product","3":"status-publish","4":"has-post-thumbnail","6":"product_cat-1-moveis","7":"product_cat-4-sofas-cadeiroes-cadeiras-e-bancos","9":"first","10":"outofstock","11":"taxable","12":"shipping-taxable","13":"product-type-variable"},"acf":[],"_links":{"self":[{"href":"https:\/\/companhiadocampo.com\/en\/wp-json\/wp\/v2\/product\/1074855","targetHints":{"allow":["GET"]}}],"collection":[{"href":"https:\/\/companhiadocampo.com\/en\/wp-json\/wp\/v2\/product"}],"about":[{"href":"https:\/\/companhiadocampo.com\/en\/wp-json\/wp\/v2\/types\/product"}],"wp:featuredmedia":[{"embeddable":true,"href":"https:\/\/companhiadocampo.com\/en\/wp-json\/wp\/v2\/media\/1094884"}],"wp:attachment":[{"href":"https:\/\/companhiadocampo.com\/en\/wp-json\/wp\/v2\/media?parent=1074855"}],"wp:term":[{"taxonomy":"product_brand","embeddable":true,"href":"https:\/\/companhiadocampo.com\/en\/wp-json\/wp\/v2\/product_brand?post=1074855"},{"taxonomy":"product_cat","embeddable":true,"href":"https:\/\/companhiadocampo.com\/en\/wp-json\/wp\/v2\/product_cat?post=1074855"},{"taxonomy":"product_tag","embeddable":true,"href":"https:\/\/companhiadocampo.com\/en\/wp-json\/wp\/v2\/product_tag?post=1074855"}],"curies":[{"name":"wp","href":"https:\/\/api.w.org\/{rel}","templated":true}]}}