{"id":1075079,"date":"2026-02-13T17:11:33","date_gmt":"2026-02-13T17:11:33","guid":{"rendered":"https:\/\/companhiadocampo.com\/loja\/sem%20categoria\/vela-luxe-d7-5xh10\/"},"modified":"2026-04-19T14:35:14","modified_gmt":"2026-04-19T13:35:14","slug":"vela-luxe-d7-5xh10-010320","status":"publish","type":"product","link":"https:\/\/companhiadocampo.com\/en\/shop\/29-decorativos\/37-velas-ambientadores-e-enfeites\/vela-luxe-d7-5xh10-010320\/","title":{"rendered":"VELA LUXE D7.5XH10"},"content":{"rendered":"<p>VELA LED A PILHAS A+ (N\u00c3O INCLU\u00cdDAS) COM EXTERIOR EM PARAFINA E TOPO EM RESINA PARA SIMULAR VELA L\u00cdQUIDA<\/p>\n","protected":false},"excerpt":{"rendered":"<p>VELA LUXE D7.5XH10<\/p>\n","protected":false},"featured_media":1093751,"template":"","meta":{"_acf_changed":false},"product_brand":[],"product_cat":[399,421],"product_tag":[],"class_list":{"0":"post-1075079","1":"product","2":"type-product","3":"status-publish","4":"has-post-thumbnail","6":"product_cat-29-decorativos","7":"product_cat-37-velas-ambientadores-e-enfeites","9":"first","10":"instock","11":"taxable","12":"shipping-taxable","13":"purchasable","14":"product-type-variable","15":"has-default-attributes"},"acf":[],"_links":{"self":[{"href":"https:\/\/companhiadocampo.com\/en\/wp-json\/wp\/v2\/product\/1075079","targetHints":{"allow":["GET"]}}],"collection":[{"href":"https:\/\/companhiadocampo.com\/en\/wp-json\/wp\/v2\/product"}],"about":[{"href":"https:\/\/companhiadocampo.com\/en\/wp-json\/wp\/v2\/types\/product"}],"wp:featuredmedia":[{"embeddable":true,"href":"https:\/\/companhiadocampo.com\/en\/wp-json\/wp\/v2\/media\/1093751"}],"wp:attachment":[{"href":"https:\/\/companhiadocampo.com\/en\/wp-json\/wp\/v2\/media?parent=1075079"}],"wp:term":[{"taxonomy":"product_brand","embeddable":true,"href":"https:\/\/companhiadocampo.com\/en\/wp-json\/wp\/v2\/product_brand?post=1075079"},{"taxonomy":"product_cat","embeddable":true,"href":"https:\/\/companhiadocampo.com\/en\/wp-json\/wp\/v2\/product_cat?post=1075079"},{"taxonomy":"product_tag","embeddable":true,"href":"https:\/\/companhiadocampo.com\/en\/wp-json\/wp\/v2\/product_tag?post=1075079"}],"curies":[{"name":"wp","href":"https:\/\/api.w.org\/{rel}","templated":true}]}}