{"id":1075149,"date":"2026-02-13T17:11:47","date_gmt":"2026-02-13T17:11:47","guid":{"rendered":"https:\/\/companhiadocampo.com\/loja\/sem%20categoria\/prato-cindae-s-d20x17-5xh1\/"},"modified":"2026-04-19T14:41:13","modified_gmt":"2026-04-19T13:41:13","slug":"prato-cindae-s-d20x17-5xh1-011887","status":"publish","type":"product","link":"https:\/\/companhiadocampo.com\/en\/shop\/29-decorativos\/35-jarras-e-tacas-potes-e-vasos\/prato-cindae-s-d20x17-5xh1-011887\/","title":{"rendered":"PRATO CINDAE S D20X17.5XH1"},"content":{"rendered":"<p>PRATO EM ALUM\u00cdNIO FEITO \u00c0 M\u00c3O <\/p>\n","protected":false},"excerpt":{"rendered":"<p>PRATO CINDAE S D20X17.5XH<\/p>\n","protected":false},"featured_media":1094569,"template":"","meta":{"_acf_changed":false},"product_brand":[],"product_cat":[399,420],"product_tag":[],"class_list":{"0":"post-1075149","1":"product","2":"type-product","3":"status-publish","4":"has-post-thumbnail","6":"product_cat-29-decorativos","7":"product_cat-35-jarras-e-tacas-potes-e-vasos","9":"first","10":"instock","11":"taxable","12":"shipping-taxable","13":"purchasable","14":"product-type-variable","15":"has-default-attributes"},"acf":[],"_links":{"self":[{"href":"https:\/\/companhiadocampo.com\/en\/wp-json\/wp\/v2\/product\/1075149","targetHints":{"allow":["GET"]}}],"collection":[{"href":"https:\/\/companhiadocampo.com\/en\/wp-json\/wp\/v2\/product"}],"about":[{"href":"https:\/\/companhiadocampo.com\/en\/wp-json\/wp\/v2\/types\/product"}],"wp:featuredmedia":[{"embeddable":true,"href":"https:\/\/companhiadocampo.com\/en\/wp-json\/wp\/v2\/media\/1094569"}],"wp:attachment":[{"href":"https:\/\/companhiadocampo.com\/en\/wp-json\/wp\/v2\/media?parent=1075149"}],"wp:term":[{"taxonomy":"product_brand","embeddable":true,"href":"https:\/\/companhiadocampo.com\/en\/wp-json\/wp\/v2\/product_brand?post=1075149"},{"taxonomy":"product_cat","embeddable":true,"href":"https:\/\/companhiadocampo.com\/en\/wp-json\/wp\/v2\/product_cat?post=1075149"},{"taxonomy":"product_tag","embeddable":true,"href":"https:\/\/companhiadocampo.com\/en\/wp-json\/wp\/v2\/product_tag?post=1075149"}],"curies":[{"name":"wp","href":"https:\/\/api.w.org\/{rel}","templated":true}]}}