{"id":1075480,"date":"2026-02-13T17:13:04","date_gmt":"2026-02-13T17:13:04","guid":{"rendered":"https:\/\/companhiadocampo.com\/loja\/sem%20categoria\/castical-louisa-m-d10xh13\/"},"modified":"2026-04-21T03:04:43","modified_gmt":"2026-04-21T02:04:43","slug":"castical-louisa-m-d10xh13-002648","status":"publish","type":"product","link":"https:\/\/companhiadocampo.com\/en\/shop\/29-decorativos\/32-casticais-e-lanternas\/castical-louisa-m-d10xh13-002648\/","title":{"rendered":"CASTI\u00c7AL LOUISA M D10XH13"},"content":{"rendered":"<p>CASTI\u00c7AL CIL\u00cdNDRICO EM VIDRO EFEITO LOSANGO <\/p>\n","protected":false},"excerpt":{"rendered":"<p>CASTI\u00c7AL LOUISA M D10XH13<\/p>\n","protected":false},"featured_media":1093510,"template":"","meta":{"_acf_changed":false},"product_brand":[],"product_cat":[418,399],"product_tag":[],"class_list":{"0":"post-1075480","1":"product","2":"type-product","3":"status-publish","4":"has-post-thumbnail","6":"product_cat-32-casticais-e-lanternas","7":"product_cat-29-decorativos","9":"first","10":"instock","11":"taxable","12":"shipping-taxable","13":"purchasable","14":"product-type-variable","15":"has-default-attributes"},"acf":[],"_links":{"self":[{"href":"https:\/\/companhiadocampo.com\/en\/wp-json\/wp\/v2\/product\/1075480","targetHints":{"allow":["GET"]}}],"collection":[{"href":"https:\/\/companhiadocampo.com\/en\/wp-json\/wp\/v2\/product"}],"about":[{"href":"https:\/\/companhiadocampo.com\/en\/wp-json\/wp\/v2\/types\/product"}],"wp:featuredmedia":[{"embeddable":true,"href":"https:\/\/companhiadocampo.com\/en\/wp-json\/wp\/v2\/media\/1093510"}],"wp:attachment":[{"href":"https:\/\/companhiadocampo.com\/en\/wp-json\/wp\/v2\/media?parent=1075480"}],"wp:term":[{"taxonomy":"product_brand","embeddable":true,"href":"https:\/\/companhiadocampo.com\/en\/wp-json\/wp\/v2\/product_brand?post=1075480"},{"taxonomy":"product_cat","embeddable":true,"href":"https:\/\/companhiadocampo.com\/en\/wp-json\/wp\/v2\/product_cat?post=1075480"},{"taxonomy":"product_tag","embeddable":true,"href":"https:\/\/companhiadocampo.com\/en\/wp-json\/wp\/v2\/product_tag?post=1075480"}],"curies":[{"name":"wp","href":"https:\/\/api.w.org\/{rel}","templated":true}]}}