{"id":1075579,"date":"2026-02-13T17:13:29","date_gmt":"2026-02-13T17:13:29","guid":{"rendered":"https:\/\/companhiadocampo.com\/loja\/sem%20categoria\/prato-sobremesa-festa-21cm\/"},"modified":"2026-04-15T22:58:29","modified_gmt":"2026-04-15T21:58:29","slug":"prato-sobremesa-festa-21cm-100363","status":"publish","type":"product","link":"https:\/\/companhiadocampo.com\/en\/shop\/29-decorativos\/41-loica-e-acessorios-de-mesa\/prato-sobremesa-festa-21cm-100363\/","title":{"rendered":"PRATO SOBREMESA FESTA 21CM"},"content":{"rendered":"<p>COLE\u00c7\u00c3O FESTA- COSTA NOVA<br \/>Pr\u00f3prio para m\u00e1quina de lavar loi\u00e7a, forno, microondas e congelador. Por precau\u00e7\u00e3o, aconselhamos a lavagem manual das pe\u00e7as maiores e mais delicadas.<\/p>\n","protected":false},"excerpt":{"rendered":"<p>PRATO SOBREMESA FESTA 21C<\/p>\n","protected":false},"featured_media":1096723,"template":"","meta":{"_acf_changed":false},"product_brand":[],"product_cat":[399,423],"product_tag":[],"class_list":{"0":"post-1075579","1":"product","2":"type-product","3":"status-publish","4":"has-post-thumbnail","6":"product_cat-29-decorativos","7":"product_cat-41-loica-e-acessorios-de-mesa","9":"first","10":"instock","11":"taxable","12":"shipping-taxable","13":"purchasable","14":"product-type-variable","15":"has-default-attributes"},"acf":[],"_links":{"self":[{"href":"https:\/\/companhiadocampo.com\/en\/wp-json\/wp\/v2\/product\/1075579","targetHints":{"allow":["GET"]}}],"collection":[{"href":"https:\/\/companhiadocampo.com\/en\/wp-json\/wp\/v2\/product"}],"about":[{"href":"https:\/\/companhiadocampo.com\/en\/wp-json\/wp\/v2\/types\/product"}],"wp:featuredmedia":[{"embeddable":true,"href":"https:\/\/companhiadocampo.com\/en\/wp-json\/wp\/v2\/media\/1096723"}],"wp:attachment":[{"href":"https:\/\/companhiadocampo.com\/en\/wp-json\/wp\/v2\/media?parent=1075579"}],"wp:term":[{"taxonomy":"product_brand","embeddable":true,"href":"https:\/\/companhiadocampo.com\/en\/wp-json\/wp\/v2\/product_brand?post=1075579"},{"taxonomy":"product_cat","embeddable":true,"href":"https:\/\/companhiadocampo.com\/en\/wp-json\/wp\/v2\/product_cat?post=1075579"},{"taxonomy":"product_tag","embeddable":true,"href":"https:\/\/companhiadocampo.com\/en\/wp-json\/wp\/v2\/product_tag?post=1075579"}],"curies":[{"name":"wp","href":"https:\/\/api.w.org\/{rel}","templated":true}]}}