{"id":1075640,"date":"2026-02-13T17:13:41","date_gmt":"2026-02-13T17:13:41","guid":{"rendered":"https:\/\/companhiadocampo.com\/loja\/sem%20categoria\/prato-bolo-pearl-rubi-d28\/"},"modified":"2026-04-29T03:22:42","modified_gmt":"2026-04-29T02:22:42","slug":"prato-bolo-pearl-rubi-d28-002905","status":"publish","type":"product","link":"https:\/\/companhiadocampo.com\/en\/shop\/29-decorativos\/41-loica-e-acessorios-de-mesa\/prato-bolo-pearl-rubi-d28-002905\/","title":{"rendered":"PRATO BOLO PEARL RUBI D28"},"content":{"rendered":"<p>COLE\u00c7\u00c3O PEARL- COSTA NOVA                                                                                         Pr\u00f3prio para m\u00e1quina de lavar loi\u00e7a, forno, microondas e congelador. Por precau\u00e7\u00e3o, aconselhamos a lavagem manual das pe\u00e7as maiores e mais delicadas.<\/p>\n","protected":false},"excerpt":{"rendered":"<p>PRATO BOLO PEARL RUBI D28<\/p>\n","protected":false},"featured_media":1093602,"template":"","meta":{"_acf_changed":false},"product_brand":[],"product_cat":[399,423],"product_tag":[],"class_list":{"0":"post-1075640","1":"product","2":"type-product","3":"status-publish","4":"has-post-thumbnail","6":"product_cat-29-decorativos","7":"product_cat-41-loica-e-acessorios-de-mesa","9":"first","10":"instock","11":"taxable","12":"shipping-taxable","13":"purchasable","14":"product-type-variable","15":"has-default-attributes"},"acf":[],"_links":{"self":[{"href":"https:\/\/companhiadocampo.com\/en\/wp-json\/wp\/v2\/product\/1075640","targetHints":{"allow":["GET"]}}],"collection":[{"href":"https:\/\/companhiadocampo.com\/en\/wp-json\/wp\/v2\/product"}],"about":[{"href":"https:\/\/companhiadocampo.com\/en\/wp-json\/wp\/v2\/types\/product"}],"wp:featuredmedia":[{"embeddable":true,"href":"https:\/\/companhiadocampo.com\/en\/wp-json\/wp\/v2\/media\/1093602"}],"wp:attachment":[{"href":"https:\/\/companhiadocampo.com\/en\/wp-json\/wp\/v2\/media?parent=1075640"}],"wp:term":[{"taxonomy":"product_brand","embeddable":true,"href":"https:\/\/companhiadocampo.com\/en\/wp-json\/wp\/v2\/product_brand?post=1075640"},{"taxonomy":"product_cat","embeddable":true,"href":"https:\/\/companhiadocampo.com\/en\/wp-json\/wp\/v2\/product_cat?post=1075640"},{"taxonomy":"product_tag","embeddable":true,"href":"https:\/\/companhiadocampo.com\/en\/wp-json\/wp\/v2\/product_tag?post=1075640"}],"curies":[{"name":"wp","href":"https:\/\/api.w.org\/{rel}","templated":true}]}}