{"id":1075703,"date":"2026-02-13T17:13:54","date_gmt":"2026-02-13T17:13:54","guid":{"rendered":"https:\/\/companhiadocampo.com\/loja\/sem%20categoria\/prato-pasta-lagoa-d24\/"},"modified":"2026-04-21T03:04:28","modified_gmt":"2026-04-21T02:04:28","slug":"prato-pasta-lagoa-d24-000401","status":"publish","type":"product","link":"https:\/\/companhiadocampo.com\/en\/shop\/29-decorativos\/41-loica-e-acessorios-de-mesa\/prato-pasta-lagoa-d24-000401\/","title":{"rendered":"PRATO PASTA LAGOA D24"},"content":{"rendered":"<p>COLE\u00c7\u00c3O LAGOA &#8211; Versatil e naturalmente t\u00e1til, combina formas org\u00e2nicas com acabamentos modernos. Pe\u00e7as em bege mate, um must-have para uso di\u00e1rio, e pe\u00e7as em metalizado para qualquer ocasi\u00e3o especial. Gr\u00e9s fino. Fabricado em Portugal. V\u00e1lido para micro-ondas, congelador e m\u00e1quina de lavar loi\u00e7a.  Solicite informa\u00e7\u00e3o sobre  toda a cole\u00e7\u00e3o.<\/p>\n","protected":false},"excerpt":{"rendered":"<p>PRATO PASTA LAGOA D24<\/p>\n","protected":false},"featured_media":1092944,"template":"","meta":{"_acf_changed":false},"product_brand":[],"product_cat":[399,423],"product_tag":[],"class_list":{"0":"post-1075703","1":"product","2":"type-product","3":"status-publish","4":"has-post-thumbnail","6":"product_cat-29-decorativos","7":"product_cat-41-loica-e-acessorios-de-mesa","9":"first","10":"onbackorder","11":"taxable","12":"shipping-taxable","13":"product-type-variable"},"acf":[],"_links":{"self":[{"href":"https:\/\/companhiadocampo.com\/en\/wp-json\/wp\/v2\/product\/1075703","targetHints":{"allow":["GET"]}}],"collection":[{"href":"https:\/\/companhiadocampo.com\/en\/wp-json\/wp\/v2\/product"}],"about":[{"href":"https:\/\/companhiadocampo.com\/en\/wp-json\/wp\/v2\/types\/product"}],"wp:featuredmedia":[{"embeddable":true,"href":"https:\/\/companhiadocampo.com\/en\/wp-json\/wp\/v2\/media\/1092944"}],"wp:attachment":[{"href":"https:\/\/companhiadocampo.com\/en\/wp-json\/wp\/v2\/media?parent=1075703"}],"wp:term":[{"taxonomy":"product_brand","embeddable":true,"href":"https:\/\/companhiadocampo.com\/en\/wp-json\/wp\/v2\/product_brand?post=1075703"},{"taxonomy":"product_cat","embeddable":true,"href":"https:\/\/companhiadocampo.com\/en\/wp-json\/wp\/v2\/product_cat?post=1075703"},{"taxonomy":"product_tag","embeddable":true,"href":"https:\/\/companhiadocampo.com\/en\/wp-json\/wp\/v2\/product_tag?post=1075703"}],"curies":[{"name":"wp","href":"https:\/\/api.w.org\/{rel}","templated":true}]}}