{"id":1075765,"date":"2026-02-13T17:14:06","date_gmt":"2026-02-13T17:14:06","guid":{"rendered":"https:\/\/companhiadocampo.com\/loja\/sem%20categoria\/taca-plano-d18\/"},"modified":"2026-04-16T02:54:30","modified_gmt":"2026-04-16T01:54:30","slug":"taca-plano-d18-000915","status":"publish","type":"product","link":"https:\/\/companhiadocampo.com\/en\/shop\/29-decorativos\/41-loica-e-acessorios-de-mesa\/taca-plano-d18-000915\/","title":{"rendered":"TA\u00c7A PLANO D18"},"content":{"rendered":"<p>COLE\u00c7\u00c3O PLANO ECOGRES- Criada a partir de excedentes e subprodutos resultantes da pr\u00f3pria produ\u00e7\u00e3o industrial,  \u00e9 uma cole\u00e7\u00e3o de gr\u00e9s reciclado,  100% ecol\u00f3gicos, mantendo-se elegantes e funcionais ao mesmo tempo. As suas formas org\u00e2nicas , incorporam superf\u00edcies &#8220;cruas&#8221; num design simples e de apar\u00eancia robusta. Fabricado em Portugal. V\u00e1lido para micro-ondas, congelador e m\u00e1quina de lavar loi\u00e7a.  Solicite informa\u00e7\u00e3o sobre  toda a cole\u00e7\u00e3o.<\/p>\n","protected":false},"excerpt":{"rendered":"<p>TA\u00c7A PLANO D18<\/p>\n","protected":false},"featured_media":1093039,"template":"","meta":{"_acf_changed":false},"product_brand":[],"product_cat":[399,423],"product_tag":[],"class_list":{"0":"post-1075765","1":"product","2":"type-product","3":"status-publish","4":"has-post-thumbnail","6":"product_cat-29-decorativos","7":"product_cat-41-loica-e-acessorios-de-mesa","9":"first","10":"onbackorder","11":"taxable","12":"shipping-taxable","13":"product-type-variable"},"acf":[],"_links":{"self":[{"href":"https:\/\/companhiadocampo.com\/en\/wp-json\/wp\/v2\/product\/1075765","targetHints":{"allow":["GET"]}}],"collection":[{"href":"https:\/\/companhiadocampo.com\/en\/wp-json\/wp\/v2\/product"}],"about":[{"href":"https:\/\/companhiadocampo.com\/en\/wp-json\/wp\/v2\/types\/product"}],"wp:featuredmedia":[{"embeddable":true,"href":"https:\/\/companhiadocampo.com\/en\/wp-json\/wp\/v2\/media\/1093039"}],"wp:attachment":[{"href":"https:\/\/companhiadocampo.com\/en\/wp-json\/wp\/v2\/media?parent=1075765"}],"wp:term":[{"taxonomy":"product_brand","embeddable":true,"href":"https:\/\/companhiadocampo.com\/en\/wp-json\/wp\/v2\/product_brand?post=1075765"},{"taxonomy":"product_cat","embeddable":true,"href":"https:\/\/companhiadocampo.com\/en\/wp-json\/wp\/v2\/product_cat?post=1075765"},{"taxonomy":"product_tag","embeddable":true,"href":"https:\/\/companhiadocampo.com\/en\/wp-json\/wp\/v2\/product_tag?post=1075765"}],"curies":[{"name":"wp","href":"https:\/\/api.w.org\/{rel}","templated":true}]}}