{"id":1075813,"date":"2026-02-13T17:14:15","date_gmt":"2026-02-13T17:14:15","guid":{"rendered":"https:\/\/companhiadocampo.com\/loja\/sem%20categoria\/travessa-pearl-rt-30cm\/"},"modified":"2026-04-22T03:06:01","modified_gmt":"2026-04-22T02:06:01","slug":"travessa-pearl-rt-30cm-001400","status":"publish","type":"product","link":"https:\/\/companhiadocampo.com\/en\/shop\/29-decorativos\/41-loica-e-acessorios-de-mesa\/travessa-pearl-rt-30cm-001400\/","title":{"rendered":"TRAVESSA PEARL RT 30CM"},"content":{"rendered":"<p>COLE\u00c7\u00c3O PEARL &#8211; Uma cole\u00e7\u00e3o intemporal inspirada na riqueza das cer\u00e2micas europeias dos s\u00e9culos XVIII e XIX. As formas redondas com p\u00e9rolas grandes foram reinventadas para criar um novo conceito cl\u00e1ssico, que nunca passa de moda.Ideal para ocasi\u00f5es mais especiais, mas tamb\u00e9m adequada para uso di\u00e1rio.Gr\u00e9s fino. Fabricado em Portugal. V\u00e1lido para micro-ondas, congelador  e m\u00e1quina de loi\u00e7a.  Solicite informa\u00e7\u00e3o sobre  toda a cole\u00e7\u00e3o.<\/p>\n","protected":false},"excerpt":{"rendered":"<p>TRAVESSA PEARL RT 30CM<\/p>\n","protected":false},"featured_media":1093131,"template":"","meta":{"_acf_changed":false},"product_brand":[],"product_cat":[399,423],"product_tag":[],"class_list":{"0":"post-1075813","1":"product","2":"type-product","3":"status-publish","4":"has-post-thumbnail","6":"product_cat-29-decorativos","7":"product_cat-41-loica-e-acessorios-de-mesa","9":"first","10":"onbackorder","11":"taxable","12":"shipping-taxable","13":"product-type-variable"},"acf":[],"_links":{"self":[{"href":"https:\/\/companhiadocampo.com\/en\/wp-json\/wp\/v2\/product\/1075813","targetHints":{"allow":["GET"]}}],"collection":[{"href":"https:\/\/companhiadocampo.com\/en\/wp-json\/wp\/v2\/product"}],"about":[{"href":"https:\/\/companhiadocampo.com\/en\/wp-json\/wp\/v2\/types\/product"}],"wp:featuredmedia":[{"embeddable":true,"href":"https:\/\/companhiadocampo.com\/en\/wp-json\/wp\/v2\/media\/1093131"}],"wp:attachment":[{"href":"https:\/\/companhiadocampo.com\/en\/wp-json\/wp\/v2\/media?parent=1075813"}],"wp:term":[{"taxonomy":"product_brand","embeddable":true,"href":"https:\/\/companhiadocampo.com\/en\/wp-json\/wp\/v2\/product_brand?post=1075813"},{"taxonomy":"product_cat","embeddable":true,"href":"https:\/\/companhiadocampo.com\/en\/wp-json\/wp\/v2\/product_cat?post=1075813"},{"taxonomy":"product_tag","embeddable":true,"href":"https:\/\/companhiadocampo.com\/en\/wp-json\/wp\/v2\/product_tag?post=1075813"}],"curies":[{"name":"wp","href":"https:\/\/api.w.org\/{rel}","templated":true}]}}