{"id":1099886,"date":"2026-04-30T17:46:20","date_gmt":"2026-04-30T16:46:20","guid":{"rendered":"https:\/\/companhiadocampo.com\/loja\/sem categoria\/peca-decorativa-dawson-38x10xh41\/"},"modified":"2026-04-30T18:35:34","modified_gmt":"2026-04-30T17:35:34","slug":"peca-decorativa-dawson-38x10xh41","status":"publish","type":"product","link":"https:\/\/companhiadocampo.com\/en\/shop\/29-decorativos\/30-objetos-decorativos-diversos\/peca-decorativa-dawson-38x10xh41\/","title":{"rendered":"PE\u00c7A DECORATIVA DAWSON 38X10XH41"},"content":{"rendered":"<p>PE\u00c7A DECORATIVA EM ALUM\u00cdNIO COM BASE EM TRAVERTINO<\/p>\n","protected":false},"excerpt":{"rendered":"<p>PE\u00c7A DECORATIVA DAWSON 38<\/p>\n","protected":false},"featured_media":1100077,"template":"","meta":{"_acf_changed":false},"product_brand":[],"product_cat":[399,416],"product_tag":[],"class_list":{"0":"post-1099886","1":"product","2":"type-product","3":"status-publish","4":"has-post-thumbnail","6":"product_cat-29-decorativos","7":"product_cat-30-objetos-decorativos-diversos","9":"first","10":"instock","11":"taxable","12":"shipping-taxable","13":"purchasable","14":"product-type-variable","15":"has-default-attributes"},"acf":[],"_links":{"self":[{"href":"https:\/\/companhiadocampo.com\/en\/wp-json\/wp\/v2\/product\/1099886","targetHints":{"allow":["GET"]}}],"collection":[{"href":"https:\/\/companhiadocampo.com\/en\/wp-json\/wp\/v2\/product"}],"about":[{"href":"https:\/\/companhiadocampo.com\/en\/wp-json\/wp\/v2\/types\/product"}],"wp:featuredmedia":[{"embeddable":true,"href":"https:\/\/companhiadocampo.com\/en\/wp-json\/wp\/v2\/media\/1100077"}],"wp:attachment":[{"href":"https:\/\/companhiadocampo.com\/en\/wp-json\/wp\/v2\/media?parent=1099886"}],"wp:term":[{"taxonomy":"product_brand","embeddable":true,"href":"https:\/\/companhiadocampo.com\/en\/wp-json\/wp\/v2\/product_brand?post=1099886"},{"taxonomy":"product_cat","embeddable":true,"href":"https:\/\/companhiadocampo.com\/en\/wp-json\/wp\/v2\/product_cat?post=1099886"},{"taxonomy":"product_tag","embeddable":true,"href":"https:\/\/companhiadocampo.com\/en\/wp-json\/wp\/v2\/product_tag?post=1099886"}],"curies":[{"name":"wp","href":"https:\/\/api.w.org\/{rel}","templated":true}]}}