{"id":1073415,"date":"2026-02-13T17:06:05","date_gmt":"2026-02-13T17:06:05","guid":{"rendered":"https:\/\/companhiadocampo.com\/loja\/sem%20categoria\/mesa-jt-eneas-200x95xh76\/"},"modified":"2026-02-24T10:22:36","modified_gmt":"2026-02-24T10:22:36","slug":"mesa-jt-eneas-200x95xh76-010002","status":"publish","type":"product","link":"https:\/\/companhiadocampo.com\/fr\/boutique\/1-moveis\/11-mesas-de-jantar-e-bar\/mesa-jt-eneas-200x95xh76-010002\/","title":{"rendered":"MESA JT ENEAS 200X95XH76"},"content":{"rendered":"<p>MESA DE JANTAR RETANGULAR EM MADEIRA DE AC\u00c1CIA COM FORMA IRREGULAR. TAMPO COM VERNIZ DE POLIURETANO QUE PROTEGE DE MANCHAS DE \u00c1GUA E OUTROS L\u00cdQUIDOS.<\/p>\n","protected":false},"excerpt":{"rendered":"<p>MESA JT ENEAS 200X95XH76<\/p>\n","protected":false},"featured_media":1093613,"template":"","meta":{"_acf_changed":false},"product_brand":[],"product_cat":[408,397],"product_tag":[],"class_list":{"0":"post-1073415","1":"product","2":"type-product","3":"status-publish","4":"has-post-thumbnail","6":"product_cat-11-mesas-de-jantar-e-bar","7":"product_cat-1-moveis","9":"first","10":"onbackorder","11":"taxable","12":"shipping-taxable","13":"product-type-variable"},"acf":[],"_links":{"self":[{"href":"https:\/\/companhiadocampo.com\/fr\/wp-json\/wp\/v2\/product\/1073415","targetHints":{"allow":["GET"]}}],"collection":[{"href":"https:\/\/companhiadocampo.com\/fr\/wp-json\/wp\/v2\/product"}],"about":[{"href":"https:\/\/companhiadocampo.com\/fr\/wp-json\/wp\/v2\/types\/product"}],"wp:featuredmedia":[{"embeddable":true,"href":"https:\/\/companhiadocampo.com\/fr\/wp-json\/wp\/v2\/media\/1093613"}],"wp:attachment":[{"href":"https:\/\/companhiadocampo.com\/fr\/wp-json\/wp\/v2\/media?parent=1073415"}],"wp:term":[{"taxonomy":"product_brand","embeddable":true,"href":"https:\/\/companhiadocampo.com\/fr\/wp-json\/wp\/v2\/product_brand?post=1073415"},{"taxonomy":"product_cat","embeddable":true,"href":"https:\/\/companhiadocampo.com\/fr\/wp-json\/wp\/v2\/product_cat?post=1073415"},{"taxonomy":"product_tag","embeddable":true,"href":"https:\/\/companhiadocampo.com\/fr\/wp-json\/wp\/v2\/product_tag?post=1073415"}],"curies":[{"name":"wp","href":"https:\/\/api.w.org\/{rel}","templated":true}]}}