{"id":1073426,"date":"2026-02-13T17:06:06","date_gmt":"2026-02-13T17:06:06","guid":{"rendered":"https:\/\/companhiadocampo.com\/loja\/sem%20categoria\/aparador-farm-2pt2gv-120x38xh90\/"},"modified":"2026-02-24T11:00:24","modified_gmt":"2026-02-24T11:00:24","slug":"aparador-farm-2pt2gv-120x38xh90-012434","status":"publish","type":"product","link":"https:\/\/companhiadocampo.com\/fr\/boutique\/1-moveis\/2-aparadores-e-comodas\/aparador-farm-2pt2gv-120x38xh90-012434\/","title":{"rendered":"APARADOR FARM 2PT+2GV 120X38XH90"},"content":{"rendered":"<p>APARADOR COM 2 PORTAS E 2 GAVETAS DA COLE\u00c7\u00c3O FARM. FEITO EM MADEIRA RECICLADA CERTIFICADA, TEM UM ASPECTO R\u00daSTICO E NATURAL. TODAS AS IMPERFEI\u00c7\u00d5ES PERMANECEM VIS\u00cdVEIS.<\/p>\n","protected":false},"excerpt":{"rendered":"<p>APARADOR FARM 2PT+2GV 120<\/p>\n","protected":false},"featured_media":1095030,"template":"","meta":{"_acf_changed":false},"product_brand":[],"product_cat":[401,397],"product_tag":[],"class_list":{"0":"post-1073426","1":"product","2":"type-product","3":"status-publish","4":"has-post-thumbnail","6":"product_cat-2-aparadores-e-comodas","7":"product_cat-1-moveis","9":"first","10":"instock","11":"taxable","12":"shipping-taxable","13":"purchasable","14":"product-type-variable","15":"has-default-attributes"},"acf":[],"_links":{"self":[{"href":"https:\/\/companhiadocampo.com\/fr\/wp-json\/wp\/v2\/product\/1073426","targetHints":{"allow":["GET"]}}],"collection":[{"href":"https:\/\/companhiadocampo.com\/fr\/wp-json\/wp\/v2\/product"}],"about":[{"href":"https:\/\/companhiadocampo.com\/fr\/wp-json\/wp\/v2\/types\/product"}],"wp:featuredmedia":[{"embeddable":true,"href":"https:\/\/companhiadocampo.com\/fr\/wp-json\/wp\/v2\/media\/1095030"}],"wp:attachment":[{"href":"https:\/\/companhiadocampo.com\/fr\/wp-json\/wp\/v2\/media?parent=1073426"}],"wp:term":[{"taxonomy":"product_brand","embeddable":true,"href":"https:\/\/companhiadocampo.com\/fr\/wp-json\/wp\/v2\/product_brand?post=1073426"},{"taxonomy":"product_cat","embeddable":true,"href":"https:\/\/companhiadocampo.com\/fr\/wp-json\/wp\/v2\/product_cat?post=1073426"},{"taxonomy":"product_tag","embeddable":true,"href":"https:\/\/companhiadocampo.com\/fr\/wp-json\/wp\/v2\/product_tag?post=1073426"}],"curies":[{"name":"wp","href":"https:\/\/api.w.org\/{rel}","templated":true}]}}