{"id":1073430,"date":"2026-02-13T17:06:06","date_gmt":"2026-02-13T17:06:06","guid":{"rendered":"https:\/\/companhiadocampo.com\/loja\/sem%20categoria\/mesa-jt-bowie-140-200x90\/"},"modified":"2026-02-24T10:31:12","modified_gmt":"2026-02-24T10:31:12","slug":"mesa-jt-bowie-140-200x90-010686","status":"publish","type":"product","link":"https:\/\/companhiadocampo.com\/fr\/boutique\/1-moveis\/11-mesas-de-jantar-e-bar\/mesa-jt-bowie-140-200x90-010686\/","title":{"rendered":"MESA JT BOWIE 140-200X90"},"content":{"rendered":"<p>MESA DE JANTAR EXTENS\u00cdVEL DE 1.40MT COM 1 EXTENS\u00d5ES DE 60CM INCLU\u00cdDA NA MESA.  FEITA EM NOGUEIRA. D\u00cdSPONIVEL EM OUTRAS MEDIDAS E ACABAMENTOS.<\/p>\n","protected":false},"excerpt":{"rendered":"<p>MESA JT BOWIE 140-200X90<\/p>\n","protected":false},"featured_media":1093883,"template":"","meta":{"_acf_changed":false},"product_brand":[],"product_cat":[408,397],"product_tag":[],"class_list":{"0":"post-1073430","1":"product","2":"type-product","3":"status-publish","4":"has-post-thumbnail","6":"product_cat-11-mesas-de-jantar-e-bar","7":"product_cat-1-moveis","9":"first","10":"onbackorder","11":"taxable","12":"shipping-taxable","13":"product-type-variable"},"acf":[],"_links":{"self":[{"href":"https:\/\/companhiadocampo.com\/fr\/wp-json\/wp\/v2\/product\/1073430","targetHints":{"allow":["GET"]}}],"collection":[{"href":"https:\/\/companhiadocampo.com\/fr\/wp-json\/wp\/v2\/product"}],"about":[{"href":"https:\/\/companhiadocampo.com\/fr\/wp-json\/wp\/v2\/types\/product"}],"wp:featuredmedia":[{"embeddable":true,"href":"https:\/\/companhiadocampo.com\/fr\/wp-json\/wp\/v2\/media\/1093883"}],"wp:attachment":[{"href":"https:\/\/companhiadocampo.com\/fr\/wp-json\/wp\/v2\/media?parent=1073430"}],"wp:term":[{"taxonomy":"product_brand","embeddable":true,"href":"https:\/\/companhiadocampo.com\/fr\/wp-json\/wp\/v2\/product_brand?post=1073430"},{"taxonomy":"product_cat","embeddable":true,"href":"https:\/\/companhiadocampo.com\/fr\/wp-json\/wp\/v2\/product_cat?post=1073430"},{"taxonomy":"product_tag","embeddable":true,"href":"https:\/\/companhiadocampo.com\/fr\/wp-json\/wp\/v2\/product_tag?post=1073430"}],"curies":[{"name":"wp","href":"https:\/\/api.w.org\/{rel}","templated":true}]}}