{"id":1073634,"date":"2026-02-13T17:06:55","date_gmt":"2026-02-13T17:06:55","guid":{"rendered":"https:\/\/companhiadocampo.com\/loja\/sem%20categoria\/puxador-zebra-d4\/"},"modified":"2026-04-20T03:01:19","modified_gmt":"2026-04-20T02:01:19","slug":"puxador-zebra-d4-013450","status":"publish","type":"product","link":"https:\/\/companhiadocampo.com\/fr\/boutique\/29-decorativos\/30-objetos-decorativos-diversos\/puxador-zebra-d4-013450\/","title":{"rendered":"PUXADOR ZEBRA D4"},"content":{"rendered":"<p>PUXADOR EM CER\u00c2MICA PINTADO \u00c0 M\u00c3O<\/p>\n","protected":false},"excerpt":{"rendered":"<p>PUXADOR ZEBRA D4<\/p>\n","protected":false},"featured_media":1096392,"template":"","meta":{"_acf_changed":false},"product_brand":[],"product_cat":[399,416],"product_tag":[],"class_list":{"0":"post-1073634","1":"product","2":"type-product","3":"status-publish","4":"has-post-thumbnail","6":"product_cat-29-decorativos","7":"product_cat-30-objetos-decorativos-diversos","9":"first","10":"instock","11":"taxable","12":"shipping-taxable","13":"purchasable","14":"product-type-variable","15":"has-default-attributes"},"acf":[],"_links":{"self":[{"href":"https:\/\/companhiadocampo.com\/fr\/wp-json\/wp\/v2\/product\/1073634","targetHints":{"allow":["GET"]}}],"collection":[{"href":"https:\/\/companhiadocampo.com\/fr\/wp-json\/wp\/v2\/product"}],"about":[{"href":"https:\/\/companhiadocampo.com\/fr\/wp-json\/wp\/v2\/types\/product"}],"wp:featuredmedia":[{"embeddable":true,"href":"https:\/\/companhiadocampo.com\/fr\/wp-json\/wp\/v2\/media\/1096392"}],"wp:attachment":[{"href":"https:\/\/companhiadocampo.com\/fr\/wp-json\/wp\/v2\/media?parent=1073634"}],"wp:term":[{"taxonomy":"product_brand","embeddable":true,"href":"https:\/\/companhiadocampo.com\/fr\/wp-json\/wp\/v2\/product_brand?post=1073634"},{"taxonomy":"product_cat","embeddable":true,"href":"https:\/\/companhiadocampo.com\/fr\/wp-json\/wp\/v2\/product_cat?post=1073634"},{"taxonomy":"product_tag","embeddable":true,"href":"https:\/\/companhiadocampo.com\/fr\/wp-json\/wp\/v2\/product_tag?post=1073634"}],"curies":[{"name":"wp","href":"https:\/\/api.w.org\/{rel}","templated":true}]}}