{"id":1074109,"date":"2026-02-13T17:08:27","date_gmt":"2026-02-13T17:08:27","guid":{"rendered":"https:\/\/companhiadocampo.com\/loja\/sem%20categoria\/jarro-madeira-19l\/"},"modified":"2026-05-03T10:36:32","modified_gmt":"2026-05-03T09:36:32","slug":"jarro-madeira-19l-000395","status":"publish","type":"product","link":"https:\/\/companhiadocampo.com\/fr\/boutique\/29-decorativos\/41-loica-e-acessorios-de-mesa\/jarro-madeira-19l-000395\/","title":{"rendered":"JARRO MADEIRA 1,9L"},"content":{"rendered":"<p>COLE\u00c7\u00c3O MADEIRA  &#8211; O gr\u00e9s elevado a um novo conceito de design. Inspirada na Natureza, a cole\u00e7\u00e3o apresenta uma paleta de tr\u00eas cores vibrantes e uma superf\u00edcie craquel\u00e9e que se assemelha ao efeito da luz coada.Gr\u00e9s fino. Fabricado em Portugal. V\u00e1lido para micro-ondas e m\u00e1quina de lavar loi\u00e7a.  Solicite informa\u00e7\u00e3o sobre  toda a cole\u00e7\u00e3o.<\/p>\n","protected":false},"excerpt":{"rendered":"<p>JARRO MADEIRA 1,9L<\/p>\n","protected":false},"featured_media":1092938,"template":"","meta":{"_acf_changed":false},"product_brand":[],"product_cat":[399,423],"product_tag":[],"class_list":{"0":"post-1074109","1":"product","2":"type-product","3":"status-publish","4":"has-post-thumbnail","6":"product_cat-29-decorativos","7":"product_cat-41-loica-e-acessorios-de-mesa","9":"first","10":"onbackorder","11":"taxable","12":"shipping-taxable","13":"product-type-variable"},"acf":[],"_links":{"self":[{"href":"https:\/\/companhiadocampo.com\/fr\/wp-json\/wp\/v2\/product\/1074109","targetHints":{"allow":["GET"]}}],"collection":[{"href":"https:\/\/companhiadocampo.com\/fr\/wp-json\/wp\/v2\/product"}],"about":[{"href":"https:\/\/companhiadocampo.com\/fr\/wp-json\/wp\/v2\/types\/product"}],"wp:featuredmedia":[{"embeddable":true,"href":"https:\/\/companhiadocampo.com\/fr\/wp-json\/wp\/v2\/media\/1092938"}],"wp:attachment":[{"href":"https:\/\/companhiadocampo.com\/fr\/wp-json\/wp\/v2\/media?parent=1074109"}],"wp:term":[{"taxonomy":"product_brand","embeddable":true,"href":"https:\/\/companhiadocampo.com\/fr\/wp-json\/wp\/v2\/product_brand?post=1074109"},{"taxonomy":"product_cat","embeddable":true,"href":"https:\/\/companhiadocampo.com\/fr\/wp-json\/wp\/v2\/product_cat?post=1074109"},{"taxonomy":"product_tag","embeddable":true,"href":"https:\/\/companhiadocampo.com\/fr\/wp-json\/wp\/v2\/product_tag?post=1074109"}],"curies":[{"name":"wp","href":"https:\/\/api.w.org\/{rel}","templated":true}]}}