{"id":1074485,"date":"2026-02-13T17:09:40","date_gmt":"2026-02-13T17:09:40","guid":{"rendered":"https:\/\/companhiadocampo.com\/loja\/sem%20categoria\/castical-metalic-heart-8x9\/"},"modified":"2026-04-29T03:23:12","modified_gmt":"2026-04-29T02:23:12","slug":"castical-metalic-heart-8x9-012648","status":"publish","type":"product","link":"https:\/\/companhiadocampo.com\/fr\/boutique\/29-decorativos\/32-casticais-e-lanternas\/castical-metalic-heart-8x9-012648\/","title":{"rendered":"CASTI\u00c7AL METALIC HEART  8X9"},"content":{"rendered":"<p>CASTI\u00c7AL METALICO FORMATO CORA\u00c7AO C\/ DESENHO IMPRESSO <\/p>\n","protected":false},"excerpt":{"rendered":"<p>CASTI\u00c7AL METALIC HEART  8<\/p>\n","protected":false},"featured_media":1095329,"template":"","meta":{"_acf_changed":false},"product_brand":[],"product_cat":[418,399],"product_tag":[],"class_list":{"0":"post-1074485","1":"product","2":"type-product","3":"status-publish","4":"has-post-thumbnail","6":"product_cat-32-casticais-e-lanternas","7":"product_cat-29-decorativos","9":"first","10":"instock","11":"taxable","12":"shipping-taxable","13":"purchasable","14":"product-type-variable","15":"has-default-attributes"},"acf":[],"_links":{"self":[{"href":"https:\/\/companhiadocampo.com\/fr\/wp-json\/wp\/v2\/product\/1074485","targetHints":{"allow":["GET"]}}],"collection":[{"href":"https:\/\/companhiadocampo.com\/fr\/wp-json\/wp\/v2\/product"}],"about":[{"href":"https:\/\/companhiadocampo.com\/fr\/wp-json\/wp\/v2\/types\/product"}],"wp:featuredmedia":[{"embeddable":true,"href":"https:\/\/companhiadocampo.com\/fr\/wp-json\/wp\/v2\/media\/1095329"}],"wp:attachment":[{"href":"https:\/\/companhiadocampo.com\/fr\/wp-json\/wp\/v2\/media?parent=1074485"}],"wp:term":[{"taxonomy":"product_brand","embeddable":true,"href":"https:\/\/companhiadocampo.com\/fr\/wp-json\/wp\/v2\/product_brand?post=1074485"},{"taxonomy":"product_cat","embeddable":true,"href":"https:\/\/companhiadocampo.com\/fr\/wp-json\/wp\/v2\/product_cat?post=1074485"},{"taxonomy":"product_tag","embeddable":true,"href":"https:\/\/companhiadocampo.com\/fr\/wp-json\/wp\/v2\/product_tag?post=1074485"}],"curies":[{"name":"wp","href":"https:\/\/api.w.org\/{rel}","templated":true}]}}