{"id":1074522,"date":"2026-02-13T17:09:46","date_gmt":"2026-02-13T17:09:46","guid":{"rendered":"https:\/\/companhiadocampo.com\/loja\/sem%20categoria\/passaro-kenia-mix\/"},"modified":"2026-05-01T03:26:17","modified_gmt":"2026-05-01T02:26:17","slug":"passaro-kenia-mix-011647","status":"publish","type":"product","link":"https:\/\/companhiadocampo.com\/fr\/boutique\/29-decorativos\/30-objetos-decorativos-diversos\/passaro-kenia-mix-011647\/","title":{"rendered":"PASSARO KENIA MIX"},"content":{"rendered":"<p>P\u00e1ssaro em madeira feitos e pintados \u00e0 m\u00e3o com p\u00e9s em lat\u00e3o reciclado.<\/p>\n","protected":false},"excerpt":{"rendered":"<p>PASSARO KENIA MIX <\/p>\n","protected":false},"featured_media":1094359,"template":"","meta":{"_acf_changed":false},"product_brand":[],"product_cat":[399,416],"product_tag":[],"class_list":{"0":"post-1074522","1":"product","2":"type-product","3":"status-publish","4":"has-post-thumbnail","6":"product_cat-29-decorativos","7":"product_cat-30-objetos-decorativos-diversos","9":"first","10":"outofstock","11":"taxable","12":"shipping-taxable","13":"product-type-variable"},"acf":[],"_links":{"self":[{"href":"https:\/\/companhiadocampo.com\/fr\/wp-json\/wp\/v2\/product\/1074522","targetHints":{"allow":["GET"]}}],"collection":[{"href":"https:\/\/companhiadocampo.com\/fr\/wp-json\/wp\/v2\/product"}],"about":[{"href":"https:\/\/companhiadocampo.com\/fr\/wp-json\/wp\/v2\/types\/product"}],"wp:featuredmedia":[{"embeddable":true,"href":"https:\/\/companhiadocampo.com\/fr\/wp-json\/wp\/v2\/media\/1094359"}],"wp:attachment":[{"href":"https:\/\/companhiadocampo.com\/fr\/wp-json\/wp\/v2\/media?parent=1074522"}],"wp:term":[{"taxonomy":"product_brand","embeddable":true,"href":"https:\/\/companhiadocampo.com\/fr\/wp-json\/wp\/v2\/product_brand?post=1074522"},{"taxonomy":"product_cat","embeddable":true,"href":"https:\/\/companhiadocampo.com\/fr\/wp-json\/wp\/v2\/product_cat?post=1074522"},{"taxonomy":"product_tag","embeddable":true,"href":"https:\/\/companhiadocampo.com\/fr\/wp-json\/wp\/v2\/product_tag?post=1074522"}],"curies":[{"name":"wp","href":"https:\/\/api.w.org\/{rel}","templated":true}]}}