{"id":1074585,"date":"2026-02-13T17:09:58","date_gmt":"2026-02-13T17:09:58","guid":{"rendered":"https:\/\/companhiadocampo.com\/loja\/sem%20categoria\/castical-couve-ceramic-d9xh9\/"},"modified":"2026-05-01T03:26:28","modified_gmt":"2026-05-01T02:26:28","slug":"castical-couve-ceramic-d9xh9-012498","status":"publish","type":"product","link":"https:\/\/companhiadocampo.com\/fr\/boutique\/29-decorativos\/32-casticais-e-lanternas\/castical-couve-ceramic-d9xh9-012498\/","title":{"rendered":"CASTI\u00c7AL COUVE CERAMIC  D9XH9"},"content":{"rendered":"<p>CASTI\u00c7AL MOTIVO COUVE FEITO EM CER\u00c3MICA<\/p>\n","protected":false},"excerpt":{"rendered":"<p>CASTI\u00c7AL COUVE CERAMIC  D<\/p>\n","protected":false},"featured_media":1095128,"template":"","meta":{"_acf_changed":false},"product_brand":[],"product_cat":[418,399],"product_tag":[],"class_list":{"0":"post-1074585","1":"product","2":"type-product","3":"status-publish","4":"has-post-thumbnail","6":"product_cat-32-casticais-e-lanternas","7":"product_cat-29-decorativos","9":"first","10":"outofstock","11":"taxable","12":"shipping-taxable","13":"product-type-variable"},"acf":[],"_links":{"self":[{"href":"https:\/\/companhiadocampo.com\/fr\/wp-json\/wp\/v2\/product\/1074585","targetHints":{"allow":["GET"]}}],"collection":[{"href":"https:\/\/companhiadocampo.com\/fr\/wp-json\/wp\/v2\/product"}],"about":[{"href":"https:\/\/companhiadocampo.com\/fr\/wp-json\/wp\/v2\/types\/product"}],"wp:featuredmedia":[{"embeddable":true,"href":"https:\/\/companhiadocampo.com\/fr\/wp-json\/wp\/v2\/media\/1095128"}],"wp:attachment":[{"href":"https:\/\/companhiadocampo.com\/fr\/wp-json\/wp\/v2\/media?parent=1074585"}],"wp:term":[{"taxonomy":"product_brand","embeddable":true,"href":"https:\/\/companhiadocampo.com\/fr\/wp-json\/wp\/v2\/product_brand?post=1074585"},{"taxonomy":"product_cat","embeddable":true,"href":"https:\/\/companhiadocampo.com\/fr\/wp-json\/wp\/v2\/product_cat?post=1074585"},{"taxonomy":"product_tag","embeddable":true,"href":"https:\/\/companhiadocampo.com\/fr\/wp-json\/wp\/v2\/product_tag?post=1074585"}],"curies":[{"name":"wp","href":"https:\/\/api.w.org\/{rel}","templated":true}]}}