{"id":1074681,"date":"2026-02-13T17:10:18","date_gmt":"2026-02-13T17:10:18","guid":{"rendered":"https:\/\/companhiadocampo.com\/loja\/sem%20categoria\/mesa-work-pli-165x75xh76\/"},"modified":"2026-02-24T11:03:27","modified_gmt":"2026-02-24T11:03:27","slug":"mesa-work-pli-165x75xh76-012445","status":"publish","type":"product","link":"https:\/\/companhiadocampo.com\/fr\/boutique\/1-moveis\/11-mesas-de-jantar-e-bar\/mesa-work-pli-165x75xh76-012445\/","title":{"rendered":"MESA WORK PLI 165X75XH76"},"content":{"rendered":"<p>MESA R\u00daSTICA EM MADEIRA COM P\u00c9S DOBR\u00c1VEIS<\/p>\n","protected":false},"excerpt":{"rendered":"<p>MESA WORK PLI 165X75XH76<\/p>\n","protected":false},"featured_media":1095052,"template":"","meta":{"_acf_changed":false},"product_brand":[],"product_cat":[408,397],"product_tag":[],"class_list":{"0":"post-1074681","1":"product","2":"type-product","3":"status-publish","4":"has-post-thumbnail","6":"product_cat-11-mesas-de-jantar-e-bar","7":"product_cat-1-moveis","9":"first","10":"outofstock","11":"taxable","12":"shipping-taxable","13":"product-type-variable"},"acf":[],"_links":{"self":[{"href":"https:\/\/companhiadocampo.com\/fr\/wp-json\/wp\/v2\/product\/1074681","targetHints":{"allow":["GET"]}}],"collection":[{"href":"https:\/\/companhiadocampo.com\/fr\/wp-json\/wp\/v2\/product"}],"about":[{"href":"https:\/\/companhiadocampo.com\/fr\/wp-json\/wp\/v2\/types\/product"}],"wp:featuredmedia":[{"embeddable":true,"href":"https:\/\/companhiadocampo.com\/fr\/wp-json\/wp\/v2\/media\/1095052"}],"wp:attachment":[{"href":"https:\/\/companhiadocampo.com\/fr\/wp-json\/wp\/v2\/media?parent=1074681"}],"wp:term":[{"taxonomy":"product_brand","embeddable":true,"href":"https:\/\/companhiadocampo.com\/fr\/wp-json\/wp\/v2\/product_brand?post=1074681"},{"taxonomy":"product_cat","embeddable":true,"href":"https:\/\/companhiadocampo.com\/fr\/wp-json\/wp\/v2\/product_cat?post=1074681"},{"taxonomy":"product_tag","embeddable":true,"href":"https:\/\/companhiadocampo.com\/fr\/wp-json\/wp\/v2\/product_tag?post=1074681"}],"curies":[{"name":"wp","href":"https:\/\/api.w.org\/{rel}","templated":true}]}}