{"id":1074768,"date":"2026-02-13T17:10:34","date_gmt":"2026-02-13T17:10:34","guid":{"rendered":"https:\/\/companhiadocampo.com\/loja\/sem%20categoria\/cadeirao-consuelo-ratan-68x65xh82\/"},"modified":"2026-02-24T11:04:21","modified_gmt":"2026-02-24T11:04:21","slug":"cadeirao-consuelo-ratan-68x65xh82-012361","status":"publish","type":"product","link":"https:\/\/companhiadocampo.com\/fr\/boutique\/1-moveis\/4-sofas-cadeiroes-cadeiras-e-bancos\/cadeirao-consuelo-ratan-68x65xh82-012361\/","title":{"rendered":"CADEIRAO CONSUELO RATAN 68X65XH82"},"content":{"rendered":"<p>Cadeir\u00e3o com bra\u00e7o em rattan. Almofada de assento em algod\u00e3o <\/p>\n","protected":false},"excerpt":{"rendered":"<p>CADEIRAO CONSUELO RATAN 6<\/p>\n","protected":false},"featured_media":1094960,"template":"","meta":{"_acf_changed":false},"product_brand":[],"product_cat":[397,403],"product_tag":[],"class_list":{"0":"post-1074768","1":"product","2":"type-product","3":"status-publish","4":"has-post-thumbnail","6":"product_cat-1-moveis","7":"product_cat-4-sofas-cadeiroes-cadeiras-e-bancos","9":"first","10":"outofstock","11":"taxable","12":"shipping-taxable","13":"product-type-variable"},"acf":[],"_links":{"self":[{"href":"https:\/\/companhiadocampo.com\/fr\/wp-json\/wp\/v2\/product\/1074768","targetHints":{"allow":["GET"]}}],"collection":[{"href":"https:\/\/companhiadocampo.com\/fr\/wp-json\/wp\/v2\/product"}],"about":[{"href":"https:\/\/companhiadocampo.com\/fr\/wp-json\/wp\/v2\/types\/product"}],"wp:featuredmedia":[{"embeddable":true,"href":"https:\/\/companhiadocampo.com\/fr\/wp-json\/wp\/v2\/media\/1094960"}],"wp:attachment":[{"href":"https:\/\/companhiadocampo.com\/fr\/wp-json\/wp\/v2\/media?parent=1074768"}],"wp:term":[{"taxonomy":"product_brand","embeddable":true,"href":"https:\/\/companhiadocampo.com\/fr\/wp-json\/wp\/v2\/product_brand?post=1074768"},{"taxonomy":"product_cat","embeddable":true,"href":"https:\/\/companhiadocampo.com\/fr\/wp-json\/wp\/v2\/product_cat?post=1074768"},{"taxonomy":"product_tag","embeddable":true,"href":"https:\/\/companhiadocampo.com\/fr\/wp-json\/wp\/v2\/product_tag?post=1074768"}],"curies":[{"name":"wp","href":"https:\/\/api.w.org\/{rel}","templated":true}]}}