{"id":1074823,"date":"2026-02-13T17:10:45","date_gmt":"2026-02-13T17:10:45","guid":{"rendered":"https:\/\/companhiadocampo.com\/loja\/sem%20categoria\/almofada-akela-60x60\/"},"modified":"2026-04-19T14:42:13","modified_gmt":"2026-04-19T13:42:13","slug":"almofada-akela-60x60-012060","status":"publish","type":"product","link":"https:\/\/companhiadocampo.com\/fr\/boutique\/56-texteis\/57-almofadas-puffs\/almofada-akela-60x60-012060\/","title":{"rendered":"ALMOFADA AKELA 60X60"},"content":{"rendered":"<p>ALMOFADA QUADRADA FEITA EM 60% LINHO E 40% ALGOD\u00c3O; PODE SER LAVADO NA M\u00c1QUINA AT\u00c9 30\u00baC<\/p>\n","protected":false},"excerpt":{"rendered":"<p>ALMOFADA AKELA 60X60<\/p>\n","protected":false},"featured_media":1094691,"template":"","meta":{"_acf_changed":false},"product_brand":[],"product_cat":[425,400],"product_tag":[],"class_list":{"0":"post-1074823","1":"product","2":"type-product","3":"status-publish","4":"has-post-thumbnail","6":"product_cat-57-almofadas-puffs","7":"product_cat-56-texteis","9":"first","10":"outofstock","11":"taxable","12":"shipping-taxable","13":"product-type-variable"},"acf":[],"_links":{"self":[{"href":"https:\/\/companhiadocampo.com\/fr\/wp-json\/wp\/v2\/product\/1074823","targetHints":{"allow":["GET"]}}],"collection":[{"href":"https:\/\/companhiadocampo.com\/fr\/wp-json\/wp\/v2\/product"}],"about":[{"href":"https:\/\/companhiadocampo.com\/fr\/wp-json\/wp\/v2\/types\/product"}],"wp:featuredmedia":[{"embeddable":true,"href":"https:\/\/companhiadocampo.com\/fr\/wp-json\/wp\/v2\/media\/1094691"}],"wp:attachment":[{"href":"https:\/\/companhiadocampo.com\/fr\/wp-json\/wp\/v2\/media?parent=1074823"}],"wp:term":[{"taxonomy":"product_brand","embeddable":true,"href":"https:\/\/companhiadocampo.com\/fr\/wp-json\/wp\/v2\/product_brand?post=1074823"},{"taxonomy":"product_cat","embeddable":true,"href":"https:\/\/companhiadocampo.com\/fr\/wp-json\/wp\/v2\/product_cat?post=1074823"},{"taxonomy":"product_tag","embeddable":true,"href":"https:\/\/companhiadocampo.com\/fr\/wp-json\/wp\/v2\/product_tag?post=1074823"}],"curies":[{"name":"wp","href":"https:\/\/api.w.org\/{rel}","templated":true}]}}