{"id":1075013,"date":"2026-02-13T17:11:20","date_gmt":"2026-02-13T17:11:20","guid":{"rendered":"https:\/\/companhiadocampo.com\/loja\/sem%20categoria\/colher-coconut-h30\/"},"modified":"2026-04-19T14:21:24","modified_gmt":"2026-04-19T13:21:24","slug":"colher-coconut-h30-012053","status":"publish","type":"product","link":"https:\/\/companhiadocampo.com\/fr\/boutique\/29-decorativos\/41-loica-e-acessorios-de-mesa\/colher-coconut-h30-012053\/","title":{"rendered":"COLHER COCONUT H30"},"content":{"rendered":"<p>COLHER EM C\u00d4CO FEITA \u00c0 M\u00c3O; ACONSELHAVEL LAVAGEM \u00c0 M\u00c3O<\/p>\n","protected":false},"excerpt":{"rendered":"<p>COLHER COCONUT H30<\/p>\n","protected":false},"featured_media":1094684,"template":"","meta":{"_acf_changed":false},"product_brand":[],"product_cat":[399,423],"product_tag":[],"class_list":{"0":"post-1075013","1":"product","2":"type-product","3":"status-publish","4":"has-post-thumbnail","6":"product_cat-29-decorativos","7":"product_cat-41-loica-e-acessorios-de-mesa","9":"first","10":"instock","11":"taxable","12":"shipping-taxable","13":"purchasable","14":"product-type-variable","15":"has-default-attributes"},"acf":[],"_links":{"self":[{"href":"https:\/\/companhiadocampo.com\/fr\/wp-json\/wp\/v2\/product\/1075013","targetHints":{"allow":["GET"]}}],"collection":[{"href":"https:\/\/companhiadocampo.com\/fr\/wp-json\/wp\/v2\/product"}],"about":[{"href":"https:\/\/companhiadocampo.com\/fr\/wp-json\/wp\/v2\/types\/product"}],"wp:featuredmedia":[{"embeddable":true,"href":"https:\/\/companhiadocampo.com\/fr\/wp-json\/wp\/v2\/media\/1094684"}],"wp:attachment":[{"href":"https:\/\/companhiadocampo.com\/fr\/wp-json\/wp\/v2\/media?parent=1075013"}],"wp:term":[{"taxonomy":"product_brand","embeddable":true,"href":"https:\/\/companhiadocampo.com\/fr\/wp-json\/wp\/v2\/product_brand?post=1075013"},{"taxonomy":"product_cat","embeddable":true,"href":"https:\/\/companhiadocampo.com\/fr\/wp-json\/wp\/v2\/product_cat?post=1075013"},{"taxonomy":"product_tag","embeddable":true,"href":"https:\/\/companhiadocampo.com\/fr\/wp-json\/wp\/v2\/product_tag?post=1075013"}],"curies":[{"name":"wp","href":"https:\/\/api.w.org\/{rel}","templated":true}]}}