{"id":1075286,"date":"2026-02-13T17:12:23","date_gmt":"2026-02-13T17:12:23","guid":{"rendered":"https:\/\/companhiadocampo.com\/loja\/sem%20categoria\/suspensao-sumertime-d25xh27\/"},"modified":"2026-02-24T10:42:52","modified_gmt":"2026-02-24T10:42:52","slug":"suspensao-sumertime-d25xh27-011698","status":"publish","type":"product","link":"https:\/\/companhiadocampo.com\/fr\/boutique\/22-iluminacao\/25-candeeiros-de-tecto-e-suspensoes\/suspensao-sumertime-d25xh27-011698\/","title":{"rendered":"SUSPENSAO SUMERTIME D25XH27"},"content":{"rendered":"<p>SUSPENS\u00c3O EM JUNCO COM ELETRIFICA\u00c7\u00c3O INCLU\u00cdDA <\/p>\n","protected":false},"excerpt":{"rendered":"<p>SUSPENSAO SUMERTIME D25XH<\/p>\n","protected":false},"featured_media":1094400,"template":"","meta":{"_acf_changed":false},"product_brand":[],"product_cat":[412,398],"product_tag":[],"class_list":{"0":"post-1075286","1":"product","2":"type-product","3":"status-publish","4":"has-post-thumbnail","6":"product_cat-25-candeeiros-de-tecto-e-suspensoes","7":"product_cat-22-iluminacao","9":"first","10":"outofstock","11":"taxable","12":"shipping-taxable","13":"product-type-variable"},"acf":[],"_links":{"self":[{"href":"https:\/\/companhiadocampo.com\/fr\/wp-json\/wp\/v2\/product\/1075286","targetHints":{"allow":["GET"]}}],"collection":[{"href":"https:\/\/companhiadocampo.com\/fr\/wp-json\/wp\/v2\/product"}],"about":[{"href":"https:\/\/companhiadocampo.com\/fr\/wp-json\/wp\/v2\/types\/product"}],"wp:featuredmedia":[{"embeddable":true,"href":"https:\/\/companhiadocampo.com\/fr\/wp-json\/wp\/v2\/media\/1094400"}],"wp:attachment":[{"href":"https:\/\/companhiadocampo.com\/fr\/wp-json\/wp\/v2\/media?parent=1075286"}],"wp:term":[{"taxonomy":"product_brand","embeddable":true,"href":"https:\/\/companhiadocampo.com\/fr\/wp-json\/wp\/v2\/product_brand?post=1075286"},{"taxonomy":"product_cat","embeddable":true,"href":"https:\/\/companhiadocampo.com\/fr\/wp-json\/wp\/v2\/product_cat?post=1075286"},{"taxonomy":"product_tag","embeddable":true,"href":"https:\/\/companhiadocampo.com\/fr\/wp-json\/wp\/v2\/product_tag?post=1075286"}],"curies":[{"name":"wp","href":"https:\/\/api.w.org\/{rel}","templated":true}]}}