{"id":1075717,"date":"2026-02-13T17:13:56","date_gmt":"2026-02-13T17:13:56","guid":{"rendered":"https:\/\/companhiadocampo.com\/loja\/sem%20categoria\/assadeira-nova-ov-30cm\/"},"modified":"2026-05-01T03:25:55","modified_gmt":"2026-05-01T02:25:55","slug":"assadeira-nova-ov-30cm-001395","status":"publish","type":"product","link":"https:\/\/companhiadocampo.com\/fr\/boutique\/29-decorativos\/41-loica-e-acessorios-de-mesa\/assadeira-nova-ov-30cm-001395\/","title":{"rendered":"ASSADEIRA NOVA OV 30CM"},"content":{"rendered":"<p>COLE\u00c7\u00c3O NOVA &#8211; Uma cole\u00e7\u00e3o que procura captar o movimento das formas org\u00e2nicas da Natureza e do ciclo da vida. Gr\u00e9s fino. Fabricado em Portugal. V\u00e1lido para micro-ondas, congelador  e m\u00e1quina de loi\u00e7a.  Solicite informa\u00e7\u00e3o sobre  toda a cole\u00e7\u00e3o.<\/p>\n","protected":false},"excerpt":{"rendered":"<p>ASSADEIRA NOVA OV 30CM<\/p>\n","protected":false},"featured_media":1093126,"template":"","meta":{"_acf_changed":false},"product_brand":[],"product_cat":[399,423],"product_tag":[],"class_list":{"0":"post-1075717","1":"product","2":"type-product","3":"status-publish","4":"has-post-thumbnail","6":"product_cat-29-decorativos","7":"product_cat-41-loica-e-acessorios-de-mesa","9":"first","10":"onbackorder","11":"taxable","12":"shipping-taxable","13":"product-type-variable"},"acf":[],"_links":{"self":[{"href":"https:\/\/companhiadocampo.com\/fr\/wp-json\/wp\/v2\/product\/1075717","targetHints":{"allow":["GET"]}}],"collection":[{"href":"https:\/\/companhiadocampo.com\/fr\/wp-json\/wp\/v2\/product"}],"about":[{"href":"https:\/\/companhiadocampo.com\/fr\/wp-json\/wp\/v2\/types\/product"}],"wp:featuredmedia":[{"embeddable":true,"href":"https:\/\/companhiadocampo.com\/fr\/wp-json\/wp\/v2\/media\/1093126"}],"wp:attachment":[{"href":"https:\/\/companhiadocampo.com\/fr\/wp-json\/wp\/v2\/media?parent=1075717"}],"wp:term":[{"taxonomy":"product_brand","embeddable":true,"href":"https:\/\/companhiadocampo.com\/fr\/wp-json\/wp\/v2\/product_brand?post=1075717"},{"taxonomy":"product_cat","embeddable":true,"href":"https:\/\/companhiadocampo.com\/fr\/wp-json\/wp\/v2\/product_cat?post=1075717"},{"taxonomy":"product_tag","embeddable":true,"href":"https:\/\/companhiadocampo.com\/fr\/wp-json\/wp\/v2\/product_tag?post=1075717"}],"curies":[{"name":"wp","href":"https:\/\/api.w.org\/{rel}","templated":true}]}}