{"id":1075750,"date":"2026-02-13T17:14:03","date_gmt":"2026-02-13T17:14:03","guid":{"rendered":"https:\/\/companhiadocampo.com\/loja\/sem%20categoria\/prato-jantar-plano-d29\/"},"modified":"2026-04-21T03:04:31","modified_gmt":"2026-04-21T02:04:31","slug":"prato-jantar-plano-d29-000912","status":"publish","type":"product","link":"https:\/\/companhiadocampo.com\/fr\/boutique\/29-decorativos\/41-loica-e-acessorios-de-mesa\/prato-jantar-plano-d29-000912\/","title":{"rendered":"PRATO JANTAR PLANO D29"},"content":{"rendered":"<p>COLE\u00c7\u00c3O PLANO ECOGRES- Criada a partir de excedentes e subprodutos resultantes da pr\u00f3pria produ\u00e7\u00e3o industrial,  \u00e9 uma cole\u00e7\u00e3o de gr\u00e9s reciclado,  100% ecol\u00f3gicos, mantendo-se elegantes e funcionais ao mesmo tempo. As suas formas org\u00e2nicas , incorporam superf\u00edcies \u00ab\u00a0cruas\u00a0\u00bb num design simples e de apar\u00eancia robusta. Fabricado em Portugal. V\u00e1lido para micro-ondas, congelador e m\u00e1quina de lavar loi\u00e7a.  Solicite informa\u00e7\u00e3o sobre  toda a cole\u00e7\u00e3o.<\/p>\n","protected":false},"excerpt":{"rendered":"<p>PRATO JANTAR PLANO D29<\/p>\n","protected":false},"featured_media":0,"template":"","meta":{"_acf_changed":false},"product_brand":[],"product_cat":[399,423],"product_tag":[],"class_list":{"0":"post-1075750","1":"product","2":"type-product","3":"status-publish","5":"product_cat-29-decorativos","6":"product_cat-41-loica-e-acessorios-de-mesa","8":"first","9":"onbackorder","10":"taxable","11":"shipping-taxable","12":"product-type-variable"},"acf":[],"_links":{"self":[{"href":"https:\/\/companhiadocampo.com\/fr\/wp-json\/wp\/v2\/product\/1075750","targetHints":{"allow":["GET"]}}],"collection":[{"href":"https:\/\/companhiadocampo.com\/fr\/wp-json\/wp\/v2\/product"}],"about":[{"href":"https:\/\/companhiadocampo.com\/fr\/wp-json\/wp\/v2\/types\/product"}],"wp:attachment":[{"href":"https:\/\/companhiadocampo.com\/fr\/wp-json\/wp\/v2\/media?parent=1075750"}],"wp:term":[{"taxonomy":"product_brand","embeddable":true,"href":"https:\/\/companhiadocampo.com\/fr\/wp-json\/wp\/v2\/product_brand?post=1075750"},{"taxonomy":"product_cat","embeddable":true,"href":"https:\/\/companhiadocampo.com\/fr\/wp-json\/wp\/v2\/product_cat?post=1075750"},{"taxonomy":"product_tag","embeddable":true,"href":"https:\/\/companhiadocampo.com\/fr\/wp-json\/wp\/v2\/product_tag?post=1075750"}],"curies":[{"name":"wp","href":"https:\/\/api.w.org\/{rel}","templated":true}]}}