{"id":1075855,"date":"2026-02-13T17:14:22","date_gmt":"2026-02-13T17:14:22","guid":{"rendered":"https:\/\/companhiadocampo.com\/loja\/sem%20categoria\/folha-louro-riviera-18cm\/"},"modified":"2026-04-18T02:57:26","modified_gmt":"2026-04-18T01:57:26","slug":"folha-louro-riviera-18cm-000580","status":"publish","type":"product","link":"https:\/\/companhiadocampo.com\/fr\/boutique\/29-decorativos\/41-loica-e-acessorios-de-mesa\/folha-louro-riviera-18cm-000580\/","title":{"rendered":"FOLHA LOURO RIVIERA 18CM"},"content":{"rendered":"<p>COLE\u00c7\u00c3O RIVIERA &#8211; Esta cole\u00e7\u00e3o \u00e9 inspirada na Riviera, famosa regi\u00e3o francesa e italiana. Ao misturar formas e cores da sua paisagem, Christian Tortu cativa ao transcrever os cen\u00e1rios sublimes desta regi\u00e3o. Fabricado em Portugal. V\u00e1lido para micro-ondas e m\u00e1quina de lavar loi\u00e7a.  Solicite informa\u00e7\u00e3o sobre  toda a cole\u00e7\u00e3o.<\/p>\n","protected":false},"excerpt":{"rendered":"<p>FOLHA LOURO RIVIERA 18CM<\/p>\n","protected":false},"featured_media":1092979,"template":"","meta":{"_acf_changed":false},"product_brand":[],"product_cat":[399,423],"product_tag":[],"class_list":{"0":"post-1075855","1":"product","2":"type-product","3":"status-publish","4":"has-post-thumbnail","6":"product_cat-29-decorativos","7":"product_cat-41-loica-e-acessorios-de-mesa","9":"first","10":"onbackorder","11":"taxable","12":"shipping-taxable","13":"product-type-variable"},"acf":[],"_links":{"self":[{"href":"https:\/\/companhiadocampo.com\/fr\/wp-json\/wp\/v2\/product\/1075855","targetHints":{"allow":["GET"]}}],"collection":[{"href":"https:\/\/companhiadocampo.com\/fr\/wp-json\/wp\/v2\/product"}],"about":[{"href":"https:\/\/companhiadocampo.com\/fr\/wp-json\/wp\/v2\/types\/product"}],"wp:featuredmedia":[{"embeddable":true,"href":"https:\/\/companhiadocampo.com\/fr\/wp-json\/wp\/v2\/media\/1092979"}],"wp:attachment":[{"href":"https:\/\/companhiadocampo.com\/fr\/wp-json\/wp\/v2\/media?parent=1075855"}],"wp:term":[{"taxonomy":"product_brand","embeddable":true,"href":"https:\/\/companhiadocampo.com\/fr\/wp-json\/wp\/v2\/product_brand?post=1075855"},{"taxonomy":"product_cat","embeddable":true,"href":"https:\/\/companhiadocampo.com\/fr\/wp-json\/wp\/v2\/product_cat?post=1075855"},{"taxonomy":"product_tag","embeddable":true,"href":"https:\/\/companhiadocampo.com\/fr\/wp-json\/wp\/v2\/product_tag?post=1075855"}],"curies":[{"name":"wp","href":"https:\/\/api.w.org\/{rel}","templated":true}]}}