{"id":1076352,"date":"2026-02-13T17:16:08","date_gmt":"2026-02-13T17:16:08","guid":{"rendered":"https:\/\/companhiadocampo.com\/loja\/sem%20categoria\/suspensao-icon-s-elect-30x45\/"},"modified":"2026-02-24T10:28:55","modified_gmt":"2026-02-24T10:28:55","slug":"suspensao-icon-s-elect-30x45-010307","status":"publish","type":"product","link":"https:\/\/companhiadocampo.com\/fr\/boutique\/22-iluminacao\/25-candeeiros-de-tecto-e-suspensoes\/suspensao-icon-s-elect-30x45-010307\/","title":{"rendered":"SUSPENSAO ICON (S\/ ELECT) 30X45"},"content":{"rendered":"<p>Suspens\u00e3o em material reciclado (n\u00e3o inclui eletrifica\u00e7\u00e3o)<\/p>\n","protected":false},"excerpt":{"rendered":"<p>SUSPENSAO ICON (S\/ ELECT)<\/p>\n","protected":false},"featured_media":1093747,"template":"","meta":{"_acf_changed":false},"product_brand":[],"product_cat":[412,398],"product_tag":[],"class_list":{"0":"post-1076352","1":"product","2":"type-product","3":"status-publish","4":"has-post-thumbnail","6":"product_cat-25-candeeiros-de-tecto-e-suspensoes","7":"product_cat-22-iluminacao","9":"first","10":"instock","11":"taxable","12":"shipping-taxable","13":"purchasable","14":"product-type-variable","15":"has-default-attributes"},"acf":[],"_links":{"self":[{"href":"https:\/\/companhiadocampo.com\/fr\/wp-json\/wp\/v2\/product\/1076352","targetHints":{"allow":["GET"]}}],"collection":[{"href":"https:\/\/companhiadocampo.com\/fr\/wp-json\/wp\/v2\/product"}],"about":[{"href":"https:\/\/companhiadocampo.com\/fr\/wp-json\/wp\/v2\/types\/product"}],"wp:featuredmedia":[{"embeddable":true,"href":"https:\/\/companhiadocampo.com\/fr\/wp-json\/wp\/v2\/media\/1093747"}],"wp:attachment":[{"href":"https:\/\/companhiadocampo.com\/fr\/wp-json\/wp\/v2\/media?parent=1076352"}],"wp:term":[{"taxonomy":"product_brand","embeddable":true,"href":"https:\/\/companhiadocampo.com\/fr\/wp-json\/wp\/v2\/product_brand?post=1076352"},{"taxonomy":"product_cat","embeddable":true,"href":"https:\/\/companhiadocampo.com\/fr\/wp-json\/wp\/v2\/product_cat?post=1076352"},{"taxonomy":"product_tag","embeddable":true,"href":"https:\/\/companhiadocampo.com\/fr\/wp-json\/wp\/v2\/product_tag?post=1076352"}],"curies":[{"name":"wp","href":"https:\/\/api.w.org\/{rel}","templated":true}]}}