{"id":1087914,"date":"2026-02-22T18:39:57","date_gmt":"2026-02-22T18:39:57","guid":{"rendered":"https:\/\/companhiadocampo.com\/loja\/sem%20categoria\/cadeirao-chicago-patti-58x70xh77\/"},"modified":"2026-04-16T09:59:04","modified_gmt":"2026-04-16T08:59:04","slug":"cadeirao-chicago-patti-58x70xh77-013646","status":"publish","type":"product","link":"https:\/\/companhiadocampo.com\/fr\/boutique\/1-moveis\/4-sofas-cadeiroes-cadeiras-e-bancos\/cadeirao-chicago-patti-58x70xh77-013646\/","title":{"rendered":"CADEIRAO CHICAGO PATTI 58X70XH77"},"content":{"rendered":"<p>CADEIR\u00c3O ESTOFADO COM TECIDO BORDADO DA PIERRE FREY &#8211; PATTI NA FRENTE, E COM TECIDO JAMES MALONE &#8211; TIELT NO ASSENTO E COSTAS. POSS\u00cdVEL DE FAZER COM TECIDO \u00c0 ESCOLHA, SOB OR\u00c7AMENTO<\/p>\n","protected":false},"excerpt":{"rendered":"<p>CADEIRAO CHICAGO PATTI <\/p>\n","protected":false},"featured_media":1096603,"template":"","meta":{"_acf_changed":false},"product_brand":[],"product_cat":[397,403],"product_tag":[],"class_list":{"0":"post-1087914","1":"product","2":"type-product","3":"status-publish","4":"has-post-thumbnail","6":"product_cat-1-moveis","7":"product_cat-4-sofas-cadeiroes-cadeiras-e-bancos","9":"first","10":"instock","11":"taxable","12":"shipping-taxable","13":"purchasable","14":"product-type-variable","15":"has-default-attributes"},"acf":[],"_links":{"self":[{"href":"https:\/\/companhiadocampo.com\/fr\/wp-json\/wp\/v2\/product\/1087914","targetHints":{"allow":["GET"]}}],"collection":[{"href":"https:\/\/companhiadocampo.com\/fr\/wp-json\/wp\/v2\/product"}],"about":[{"href":"https:\/\/companhiadocampo.com\/fr\/wp-json\/wp\/v2\/types\/product"}],"wp:featuredmedia":[{"embeddable":true,"href":"https:\/\/companhiadocampo.com\/fr\/wp-json\/wp\/v2\/media\/1096603"}],"wp:attachment":[{"href":"https:\/\/companhiadocampo.com\/fr\/wp-json\/wp\/v2\/media?parent=1087914"}],"wp:term":[{"taxonomy":"product_brand","embeddable":true,"href":"https:\/\/companhiadocampo.com\/fr\/wp-json\/wp\/v2\/product_brand?post=1087914"},{"taxonomy":"product_cat","embeddable":true,"href":"https:\/\/companhiadocampo.com\/fr\/wp-json\/wp\/v2\/product_cat?post=1087914"},{"taxonomy":"product_tag","embeddable":true,"href":"https:\/\/companhiadocampo.com\/fr\/wp-json\/wp\/v2\/product_tag?post=1087914"}],"curies":[{"name":"wp","href":"https:\/\/api.w.org\/{rel}","templated":true}]}}