{"id":1087917,"date":"2026-02-22T18:40:02","date_gmt":"2026-02-22T18:40:02","guid":{"rendered":"https:\/\/companhiadocampo.com\/loja\/sem categoria\/sofa-denver-lawn-stripes-220x100\/"},"modified":"2026-02-24T09:57:14","modified_gmt":"2026-02-24T09:57:14","slug":"sofa-denver-lawn-stripes-220x100","status":"publish","type":"product","link":"https:\/\/companhiadocampo.com\/fr\/boutique\/1-moveis\/4-sofas-cadeiroes-cadeiras-e-bancos\/sofa-denver-lawn-stripes-220x100\/","title":{"rendered":"SOFA DENVER LAWN STRIPES 220X100"},"content":{"rendered":"<p>SOF\u00c1 MODELO DENVER COM 2 ALMOFADAS NAS COSTAS E 1 ALMOFADA INTEIRA NO ASSENTO. FORRADO COM TECIDO DE RISCAS KIRKBY LAWN (75% POLIESTER RECILADO, 25% POLIESTER, PR\u00d3PRIO PARA EXTERIOR) E COM O TECIDO LISO KIRKBY SOHO (75% LINHO, 27% VISCOSE, 3% POLIESTER).  ALMOFADAS AMOV\u00cdVEIS E POSS\u00cdVEIS DE VIRAR PARA O LADOLISO OU O LADO DAS RISCAS. ESTE SOF\u00c1 EST\u00c1 DISPONIVEL EM QUALQUER MEDIDA OU TECIDO.<\/p>\n","protected":false},"excerpt":{"rendered":"<p>SOFA DENVER LAWN STRIPES <\/p>\n","protected":false},"featured_media":1096601,"template":"","meta":{"_acf_changed":false},"product_brand":[],"product_cat":[397,403],"product_tag":[],"class_list":{"0":"post-1087917","1":"product","2":"type-product","3":"status-publish","4":"has-post-thumbnail","6":"product_cat-1-moveis","7":"product_cat-4-sofas-cadeiroes-cadeiras-e-bancos","9":"first","10":"instock","11":"taxable","12":"shipping-taxable","13":"purchasable","14":"product-type-variable","15":"has-default-attributes"},"acf":[],"_links":{"self":[{"href":"https:\/\/companhiadocampo.com\/fr\/wp-json\/wp\/v2\/product\/1087917","targetHints":{"allow":["GET"]}}],"collection":[{"href":"https:\/\/companhiadocampo.com\/fr\/wp-json\/wp\/v2\/product"}],"about":[{"href":"https:\/\/companhiadocampo.com\/fr\/wp-json\/wp\/v2\/types\/product"}],"wp:featuredmedia":[{"embeddable":true,"href":"https:\/\/companhiadocampo.com\/fr\/wp-json\/wp\/v2\/media\/1096601"}],"wp:attachment":[{"href":"https:\/\/companhiadocampo.com\/fr\/wp-json\/wp\/v2\/media?parent=1087917"}],"wp:term":[{"taxonomy":"product_brand","embeddable":true,"href":"https:\/\/companhiadocampo.com\/fr\/wp-json\/wp\/v2\/product_brand?post=1087917"},{"taxonomy":"product_cat","embeddable":true,"href":"https:\/\/companhiadocampo.com\/fr\/wp-json\/wp\/v2\/product_cat?post=1087917"},{"taxonomy":"product_tag","embeddable":true,"href":"https:\/\/companhiadocampo.com\/fr\/wp-json\/wp\/v2\/product_tag?post=1087917"}],"curies":[{"name":"wp","href":"https:\/\/api.w.org\/{rel}","templated":true}]}}