{"id":1099888,"date":"2026-04-30T17:46:23","date_gmt":"2026-04-30T16:46:23","guid":{"rendered":"https:\/\/companhiadocampo.com\/loja\/sem categoria\/jarra-amalie-m-15-5x5xh34\/"},"modified":"2026-04-30T18:33:40","modified_gmt":"2026-04-30T17:33:40","slug":"jarra-amalie-m-15-5x5xh34","status":"publish","type":"product","link":"https:\/\/companhiadocampo.com\/fr\/boutique\/29-decorativos\/35-jarras-e-tacas-potes-e-vasos\/jarra-amalie-m-15-5x5xh34\/","title":{"rendered":"JARRA AMALIE M 15.5X5XH34"},"content":{"rendered":"<p>JARRA EM CER\u00c2MICA FEITA \u00c0 M\u00c3O <\/p>\n","protected":false},"excerpt":{"rendered":"<p>JARRA AMALIE M 15.5X5XH34<\/p>\n","protected":false},"featured_media":1100038,"template":"","meta":{"_acf_changed":false},"product_brand":[],"product_cat":[399,420],"product_tag":[],"class_list":{"0":"post-1099888","1":"product","2":"type-product","3":"status-publish","4":"has-post-thumbnail","6":"product_cat-29-decorativos","7":"product_cat-35-jarras-e-tacas-potes-e-vasos","9":"first","10":"instock","11":"taxable","12":"shipping-taxable","13":"purchasable","14":"product-type-variable","15":"has-default-attributes"},"acf":[],"_links":{"self":[{"href":"https:\/\/companhiadocampo.com\/fr\/wp-json\/wp\/v2\/product\/1099888","targetHints":{"allow":["GET"]}}],"collection":[{"href":"https:\/\/companhiadocampo.com\/fr\/wp-json\/wp\/v2\/product"}],"about":[{"href":"https:\/\/companhiadocampo.com\/fr\/wp-json\/wp\/v2\/types\/product"}],"wp:featuredmedia":[{"embeddable":true,"href":"https:\/\/companhiadocampo.com\/fr\/wp-json\/wp\/v2\/media\/1100038"}],"wp:attachment":[{"href":"https:\/\/companhiadocampo.com\/fr\/wp-json\/wp\/v2\/media?parent=1099888"}],"wp:term":[{"taxonomy":"product_brand","embeddable":true,"href":"https:\/\/companhiadocampo.com\/fr\/wp-json\/wp\/v2\/product_brand?post=1099888"},{"taxonomy":"product_cat","embeddable":true,"href":"https:\/\/companhiadocampo.com\/fr\/wp-json\/wp\/v2\/product_cat?post=1099888"},{"taxonomy":"product_tag","embeddable":true,"href":"https:\/\/companhiadocampo.com\/fr\/wp-json\/wp\/v2\/product_tag?post=1099888"}],"curies":[{"name":"wp","href":"https:\/\/api.w.org\/{rel}","templated":true}]}}